{"id":5793,"date":"2020-09-29T23:28:00","date_gmt":"2020-09-29T21:28:00","guid":{"rendered":"http:\/\/25catrinelinder.wpcomstaging.com\/?post_type=product&#038;p=5793"},"modified":"2026-03-12T15:21:12","modified_gmt":"2026-03-12T14:21:12","slug":"fjellet-ring","status":"publish","type":"product","link":"https:\/\/925catrinelinder.com\/no\/product\/fjellet-ring\/","title":{"rendered":"FJELLET Ring"},"content":{"rendered":"<p>Fjellet - er ordet for fjell p\u00e5 norsk. Et design inspirert av historier fra fjellfolk. Vi tror p\u00e5 naturen - hva med deg? Sterling s\u00f8lv. Resirkulert selvf\u00f8lgelig. M\u00e5ler ca. 3 mm i bredden og er veldig behagelig \u00e5 b\u00e6re. Ta det med p\u00e5 eventyr og fyll det med din historie. Perfekt \u00e5 stable b\u00e5de vertikalt og horisontalt! Sammen med <a href=\"https:\/\/925catrinelinder.com\/no\/produkt\/havet-ring\/\">HAVET<\/a>, <a href=\"\/no\/25catrinelinder-wpcomstaging-com\/produkt\/lofoten-ring\/\" target=\"_blank\" rel=\"noopener\">LOFOTEN<\/a>\u00a0eller en\u00a0<a href=\"\/no\/25catrinelinder-wpcomstaging-com\/produkt\/blank-ring\/\" target=\"_blank\" rel=\"noopener\">BLANK<\/a>\u00a0ring.<\/p>\n<p>Troms\u00f8\u00a0Ring - en ring f\u00f8rr \"d\u00e6 som egentlig ikkje bruke smykka\".  Med sin minimalistiske estetikk og r\u00e5 design har denne ringen et glatt, rundt b\u00e5nd laget av slitesterkt metall av h\u00f8y kvalitet - resirkulert sterlings\u00f8lv. Du kan kontakte meg for \u00e5 f\u00e5 laget en i gull hvis du vil.<\/p>\n<p>B\u00e5ndet er 3 mm bredt, noe som gj\u00f8r det slankt nok til \u00e5 stables med andre ringer, men samtidig solid nok til \u00e5 st\u00e5 alene. Den s\u00f8ml\u00f8se formen gir et tidl\u00f8st uttrykk.<\/p>\n<p><span style=\"font-weight: 400;\">Ta den med p\u00e5 eventyr og fyll den med din egen historie. Perfekt \u00e5 stable b\u00e5de vertikalt og horisontalt! Sammen med <a href=\"https:\/\/925catrinelinder.com\/no\/produkt\/fjellet-ring\/\" target=\"_blank\" rel=\"noopener\">FJELLET<\/a>, <a href=\"https:\/\/925catrinelinder.com\/no\/produkt\/lofoten-ring\/\" target=\"_blank\" rel=\"noopener\">LOFOTEN<\/a> eller en <a href=\"https:\/\/925catrinelinder.com\/no\/produkt\/blank-ring\/\" target=\"_blank\" rel=\"noopener\">BLANK ring<\/a>.<\/span><\/p>\n<p>&nbsp;<\/p>","protected":false},"excerpt":{"rendered":"<p><span style=\"font-weight: 400;\">Fjellet betyr fjell p\u00e5 norsk. Hva er det med oss og den stadige dragningen mot fjell? Visste du at 44 % av Norge er fjell og skog? Vi har alltid laget sanger, poesi og kunst for \u00e5 hedre naturen, og denne unisex-ringen er designet for \u00e5 ta deg med til fjells og ut i naturen. Ta den med p\u00e5 eventyr og fyll den med din egen historie. Denne unisex-ringen i enkelt design er fylt med inspirasjon, minner og kj\u00e6rlighet til fjellene. Vi tror p\u00e5 at hvis mange gj\u00f8r litt, hjelper det. For hvert solgte smykke gir Catrine Linder tilbake til WWF Norge for \u00e5 holde v\u00e5re arktiske hav rene.<\/span><\/p>\n<p>&nbsp;<\/p>","protected":false},"featured_media":9965,"comment_status":"open","ping_status":"closed","template":"","meta":{"inline_featured_image":false,"jetpack_publicize_message":"","jetpack_publicize_feature_enabled":true,"jetpack_social_post_already_shared":true,"jetpack_social_options":{"image_generator_settings":{"template":"highway","default_image_id":0,"font":"","enabled":false},"version":2},"_wpas_customize_per_network":false},"product_brand":[],"product_cat":[1457],"product_tag":[],"class_list":{"0":"post-5793","1":"product","2":"type-product","3":"status-publish","4":"has-post-thumbnail","6":"product_cat-rings","7":"pa_metal-925-sterling-silver","9":"first","10":"instock","11":"taxable","12":"shipping-taxable","13":"purchasable","14":"product-type-variable"},"jetpack_publicize_connections":[],"jetpack_likes_enabled":false,"jetpack_sharing_enabled":false,"_links":{"self":[{"href":"https:\/\/925catrinelinder.com\/no\/wp-json\/wp\/v2\/product\/5793","targetHints":{"allow":["GET"]}}],"collection":[{"href":"https:\/\/925catrinelinder.com\/no\/wp-json\/wp\/v2\/product"}],"about":[{"href":"https:\/\/925catrinelinder.com\/no\/wp-json\/wp\/v2\/types\/product"}],"replies":[{"embeddable":true,"href":"https:\/\/925catrinelinder.com\/no\/wp-json\/wp\/v2\/comments?post=5793"}],"version-history":[{"count":1,"href":"https:\/\/925catrinelinder.com\/no\/wp-json\/wp\/v2\/product\/5793\/revisions"}],"predecessor-version":[{"id":14663,"href":"https:\/\/925catrinelinder.com\/no\/wp-json\/wp\/v2\/product\/5793\/revisions\/14663"}],"wp:featuredmedia":[{"embeddable":true,"href":"https:\/\/925catrinelinder.com\/no\/wp-json\/wp\/v2\/media\/9965"}],"wp:attachment":[{"href":"https:\/\/925catrinelinder.com\/no\/wp-json\/wp\/v2\/media?parent=5793"}],"wp:term":[{"taxonomy":"product_brand","embeddable":true,"href":"https:\/\/925catrinelinder.com\/no\/wp-json\/wp\/v2\/product_brand?post=5793"},{"taxonomy":"product_cat","embeddable":true,"href":"https:\/\/925catrinelinder.com\/no\/wp-json\/wp\/v2\/product_cat?post=5793"},{"taxonomy":"product_tag","embeddable":true,"href":"https:\/\/925catrinelinder.com\/no\/wp-json\/wp\/v2\/product_tag?post=5793"}],"curies":[{"name":"wp","href":"https:\/\/api.w.org\/{rel}","templated":true}]}}