{"id":6065,"date":"2020-10-29T13:51:31","date_gmt":"2020-10-29T12:51:31","guid":{"rendered":"http:\/\/25catrinelinder.wpcomstaging.com\/?post_type=product&#038;p=6065"},"modified":"2025-11-06T14:36:06","modified_gmt":"2025-11-06T13:36:06","slug":"orrhane-myntring","status":"publish","type":"product","link":"https:\/\/925catrinelinder.com\/no\/product\/orrhane-coin-ring\/","title":{"rendered":"Orrhane - Myntring"},"content":{"rendered":"<p><span style=\"font-family: -apple-system, BlinkMacSystemFont, 'Segoe UI', Roboto, Oxygen-Sans, Ubuntu, Cantarell, 'Helvetica Neue', sans-serif;\">Laget av gjenbrukt 925 sterlings\u00f8lv, rhodiumsort eller 14K gullbelagt p\u00e5 s\u00f8lv.\u00a0\u00a0<\/span><\/p>\n<p>Passer fra 41-60, i US-st\u00f8rrelser ca. 1,2 - 9,5 og kan enkelt justeres av deg selv.<\/p>\n<p>&nbsp;<\/p>","protected":false},"excerpt":{"rendered":"<p><span style=\"font-weight: 400;\">Norske gaver med dyremotiver: \u00f8redobber med Ekorn og justerbare ringer med Elg og Orrhane. Du kan velge mellom s\u00f8lv, 14K gull p\u00e5 s\u00f8lv eller svart rhodium p\u00e5 s\u00f8lv. Justerbar st\u00f8rrelse.\u00a0<\/span><\/p>","protected":false},"featured_media":6170,"comment_status":"open","ping_status":"closed","template":"","meta":{"inline_featured_image":false,"jetpack_publicize_message":"","jetpack_publicize_feature_enabled":true,"jetpack_social_post_already_shared":true,"jetpack_social_options":{"image_generator_settings":{"template":"highway","default_image_id":0,"font":"","enabled":false},"version":2},"_wpas_customize_per_network":false},"product_brand":[],"product_cat":[2169,1370],"product_tag":[1962],"class_list":{"0":"post-6065","1":"product","2":"type-product","3":"status-publish","4":"has-post-thumbnail","6":"product_cat-limited-collection","7":"product_cat-one-of-a-kind","8":"product_tag-adjustable-rings","9":"pa_metal-gold-vermeil","10":"pa_metal-18k-gold","11":"pa_metal-925-sterling-silver","12":"pa_metal-rhodium-black","14":"first","15":"outofstock","16":"taxable","17":"shipping-taxable","18":"purchasable","19":"product-type-variable"},"jetpack_publicize_connections":[],"jetpack_likes_enabled":false,"jetpack_sharing_enabled":false,"_links":{"self":[{"href":"https:\/\/925catrinelinder.com\/no\/wp-json\/wp\/v2\/product\/6065","targetHints":{"allow":["GET"]}}],"collection":[{"href":"https:\/\/925catrinelinder.com\/no\/wp-json\/wp\/v2\/product"}],"about":[{"href":"https:\/\/925catrinelinder.com\/no\/wp-json\/wp\/v2\/types\/product"}],"replies":[{"embeddable":true,"href":"https:\/\/925catrinelinder.com\/no\/wp-json\/wp\/v2\/comments?post=6065"}],"version-history":[{"count":0,"href":"https:\/\/925catrinelinder.com\/no\/wp-json\/wp\/v2\/product\/6065\/revisions"}],"wp:featuredmedia":[{"embeddable":true,"href":"https:\/\/925catrinelinder.com\/no\/wp-json\/wp\/v2\/media\/6170"}],"wp:attachment":[{"href":"https:\/\/925catrinelinder.com\/no\/wp-json\/wp\/v2\/media?parent=6065"}],"wp:term":[{"taxonomy":"product_brand","embeddable":true,"href":"https:\/\/925catrinelinder.com\/no\/wp-json\/wp\/v2\/product_brand?post=6065"},{"taxonomy":"product_cat","embeddable":true,"href":"https:\/\/925catrinelinder.com\/no\/wp-json\/wp\/v2\/product_cat?post=6065"},{"taxonomy":"product_tag","embeddable":true,"href":"https:\/\/925catrinelinder.com\/no\/wp-json\/wp\/v2\/product_tag?post=6065"}],"curies":[{"name":"wp","href":"https:\/\/api.w.org\/{rel}","templated":true}]}}