{"id":6077,"date":"2020-10-29T14:09:40","date_gmt":"2020-10-29T13:09:40","guid":{"rendered":"http:\/\/925catrinelinder.wpcomstaging.com\/?post_type=product&#038;p=6077"},"modified":"2026-03-28T00:07:14","modified_gmt":"2026-03-27T23:07:14","slug":"havring","status":"publish","type":"product","link":"https:\/\/925catrinelinder.com\/no\/product\/ocean-ring\/","title":{"rendered":"Ocean Ring"},"content":{"rendered":"<p>B\u00e6r havets fortellinger med Ocean Ring, som kombinerer kunst og natur. Denne justerbare ringen er h\u00e5ndlaget i det arktiske Norge, og er et perfekt reiseminne eller en omtenksom gave til alle som elsker havet.<\/p>\n<p><span style=\"font-weight: 400;\">Vet du ikke ringst\u00f8rrelsen til vennen din? Kanskje du nettopp har funnet den perfekte gaven;<br \/>\nJusterbar og fra ca. europeisk st\u00f8rrelse 48-61 eller mer hvis den b\u00e6res \u00e5pen.  B\u00f8lgene som gir h\u00f8yden p\u00e5 designet, varierer fra 6 mm p\u00e5 det laveste til ca. 10 p\u00e5 det h\u00f8yeste. Organisk og behagelig design - perfekt for aktive hender. Hvis du velger rhodiumsort eller 14 karat gull p\u00e5 s\u00f8lv-variant, m\u00e5 du v\u00e6re oppmerksom p\u00e5 at denne overflaten vil bli slitt av med <\/span><span style=\"font-weight: 400;\">bruk over tid. Hvor raskt denne prosessen g\u00e5r avhenger av hvor ofte du bruker ringen din. S\u00f8lvet vil skinne gjennom over tid, og ringen din vil f\u00e5 sin egen patina. V\u00e6r oppmerksom p\u00e5 at gull og rhodium ikke kan slites av, og at det ikke er et sp\u00f8rsm\u00e5l om gyldig retur. Pakk inn ringen din slik at den passer perfekt!\u00a0<\/span><\/p>\n<p><span style=\"font-weight: 400;\">Unisex-ring for kj\u00e6rlighet til havet og hverandre.<\/span><\/p>","protected":false},"excerpt":{"rendered":"<p>B\u00e6r havets fortellinger med Ocean Ring, som kombinerer kunst og natur. Denne justerbare ringen er h\u00e5ndlaget i det arktiske Norge, og er et perfekt reiseminne eller en omtenksom gave til alle som elsker havet.<\/p>\n<p>Ocean Ring er inspirert av kr\u00e5kebollens intrikate m\u00f8nstre og havb\u00f8lgenes milde flyt, og byr p\u00e5 b\u00e5de komfort og eleganse. Kr\u00e5kebollen, en bemerkelsesverdig skapning som finnes i ulike klimaer - fra tropiske kyster til polare farvann - har en historie som strekker seg over omtrent 450 millioner \u00e5r. Kanskje har du oppdaget tomme kr\u00e5keboller p\u00e5 strandturene dine, eller st\u00f8tt p\u00e5 dem under dykking eller kajakkpadling.<\/p>\n<p>Kr\u00e5kebollens karakteristiske m\u00f8nster gir Ocean Ring et subtilt, men likevel sl\u00e5ende design. I tillegg g\u00e5r 1% av inntektene fra hvert kj\u00f8p til initiativer som fokuserer p\u00e5 \u00e5 holde havene v\u00e5re rene og blomstrende.<\/p>\n<p>Fang essensen av havet med Ocean Ring - et smykke som hyller naturen og bidrar til \u00e5 holde v\u00e5re arktiske hav rene.<\/p>","protected":false},"featured_media":10190,"comment_status":"open","ping_status":"closed","template":"","meta":{"inline_featured_image":false,"jetpack_publicize_message":"","jetpack_publicize_feature_enabled":true,"jetpack_social_post_already_shared":true,"jetpack_social_options":{"image_generator_settings":{"template":"highway","default_image_id":0,"font":"","enabled":false},"version":2},"_wpas_customize_per_network":false},"product_brand":[],"product_cat":[1457],"product_tag":[1962,2296],"class_list":{"0":"post-6077","1":"product","2":"type-product","3":"status-publish","4":"has-post-thumbnail","6":"product_cat-rings","7":"product_tag-adjustable-rings","8":"product_tag-surf-lovers","9":"pa_metal-gold-vermeil","10":"pa_metal-925-sterling-silver","11":"pa_metal-rhodium-black","13":"first","14":"instock","15":"taxable","16":"shipping-taxable","17":"purchasable","18":"product-type-variable","19":"has-default-attributes"},"jetpack_publicize_connections":[],"jetpack_likes_enabled":false,"jetpack_sharing_enabled":false,"_links":{"self":[{"href":"https:\/\/925catrinelinder.com\/no\/wp-json\/wp\/v2\/product\/6077","targetHints":{"allow":["GET"]}}],"collection":[{"href":"https:\/\/925catrinelinder.com\/no\/wp-json\/wp\/v2\/product"}],"about":[{"href":"https:\/\/925catrinelinder.com\/no\/wp-json\/wp\/v2\/types\/product"}],"replies":[{"embeddable":true,"href":"https:\/\/925catrinelinder.com\/no\/wp-json\/wp\/v2\/comments?post=6077"}],"version-history":[{"count":1,"href":"https:\/\/925catrinelinder.com\/no\/wp-json\/wp\/v2\/product\/6077\/revisions"}],"predecessor-version":[{"id":14563,"href":"https:\/\/925catrinelinder.com\/no\/wp-json\/wp\/v2\/product\/6077\/revisions\/14563"}],"wp:featuredmedia":[{"embeddable":true,"href":"https:\/\/925catrinelinder.com\/no\/wp-json\/wp\/v2\/media\/10190"}],"wp:attachment":[{"href":"https:\/\/925catrinelinder.com\/no\/wp-json\/wp\/v2\/media?parent=6077"}],"wp:term":[{"taxonomy":"product_brand","embeddable":true,"href":"https:\/\/925catrinelinder.com\/no\/wp-json\/wp\/v2\/product_brand?post=6077"},{"taxonomy":"product_cat","embeddable":true,"href":"https:\/\/925catrinelinder.com\/no\/wp-json\/wp\/v2\/product_cat?post=6077"},{"taxonomy":"product_tag","embeddable":true,"href":"https:\/\/925catrinelinder.com\/no\/wp-json\/wp\/v2\/product_tag?post=6077"}],"curies":[{"name":"wp","href":"https:\/\/api.w.org\/{rel}","templated":true}]}}