{"id":6086,"date":"2020-11-02T17:07:24","date_gmt":"2020-11-02T16:07:24","guid":{"rendered":"http:\/\/25catrinelinder.wpcomstaging.com\/?post_type=product&#038;p=6086"},"modified":"2026-03-03T02:44:11","modified_gmt":"2026-03-03T01:44:11","slug":"sykkelring","status":"publish","type":"product","link":"https:\/\/925catrinelinder.com\/no\/product\/bikeme-ring\/","title":{"rendered":"BikeMe Ring"},"content":{"rendered":"<p>BikeMe Ring - en liten, men uunnv\u00e6rlig del av sykkelen din til jobben! 925 sterlings\u00f8lv.<\/p>","protected":false},"excerpt":{"rendered":"<p>BikeMe vil styrke din lidenskap for sykling, - reflektere tilbake, minne deg p\u00e5 \u00e5 komme deg ut, lage et statement og bli en del av dagen din. Raffinert utstyr og unisex-smykker. B\u00e6rekraftig og lokalprodusert i Norge av resirkulert 925 sterlings\u00f8lv.<\/p>\n<p>&nbsp;<\/p>","protected":false},"featured_media":6381,"comment_status":"open","ping_status":"closed","template":"","meta":{"inline_featured_image":false,"jetpack_publicize_message":"","jetpack_publicize_feature_enabled":true,"jetpack_social_post_already_shared":true,"jetpack_social_options":{"image_generator_settings":{"template":"highway","default_image_id":0,"font":"","enabled":false},"version":2},"_wpas_customize_per_network":false},"product_brand":[],"product_cat":[1457],"product_tag":[1999,2260],"class_list":{"0":"post-6086","1":"product","2":"type-product","3":"status-publish","4":"has-post-thumbnail","6":"product_cat-rings","7":"product_tag-bike-lovers","8":"product_tag-refined-equipment","10":"first","11":"instock","12":"taxable","13":"shipping-taxable","14":"purchasable","15":"product-type-variable"},"jetpack_publicize_connections":[],"jetpack_likes_enabled":false,"jetpack_sharing_enabled":false,"_links":{"self":[{"href":"https:\/\/925catrinelinder.com\/no\/wp-json\/wp\/v2\/product\/6086","targetHints":{"allow":["GET"]}}],"collection":[{"href":"https:\/\/925catrinelinder.com\/no\/wp-json\/wp\/v2\/product"}],"about":[{"href":"https:\/\/925catrinelinder.com\/no\/wp-json\/wp\/v2\/types\/product"}],"replies":[{"embeddable":true,"href":"https:\/\/925catrinelinder.com\/no\/wp-json\/wp\/v2\/comments?post=6086"}],"version-history":[{"count":2,"href":"https:\/\/925catrinelinder.com\/no\/wp-json\/wp\/v2\/product\/6086\/revisions"}],"predecessor-version":[{"id":14787,"href":"https:\/\/925catrinelinder.com\/no\/wp-json\/wp\/v2\/product\/6086\/revisions\/14787"}],"wp:featuredmedia":[{"embeddable":true,"href":"https:\/\/925catrinelinder.com\/no\/wp-json\/wp\/v2\/media\/6381"}],"wp:attachment":[{"href":"https:\/\/925catrinelinder.com\/no\/wp-json\/wp\/v2\/media?parent=6086"}],"wp:term":[{"taxonomy":"product_brand","embeddable":true,"href":"https:\/\/925catrinelinder.com\/no\/wp-json\/wp\/v2\/product_brand?post=6086"},{"taxonomy":"product_cat","embeddable":true,"href":"https:\/\/925catrinelinder.com\/no\/wp-json\/wp\/v2\/product_cat?post=6086"},{"taxonomy":"product_tag","embeddable":true,"href":"https:\/\/925catrinelinder.com\/no\/wp-json\/wp\/v2\/product_tag?post=6086"}],"curies":[{"name":"wp","href":"https:\/\/api.w.org\/{rel}","templated":true}]}}