{"id":6288,"date":"2021-01-11T16:01:54","date_gmt":"2021-01-11T15:01:54","guid":{"rendered":"http:\/\/25catrinelinder.wpcomstaging.com\/?post_type=product&#038;p=6288"},"modified":"2025-11-09T12:13:41","modified_gmt":"2025-11-09T11:13:41","slug":"vennlig-halskjede-solv","status":"publish","type":"product","link":"https:\/\/925catrinelinder.com\/no\/product\/friendly-necklace-silver\/","title":{"rendered":"Friendly Halskjede S\u00f8lv"},"content":{"rendered":"","protected":false},"excerpt":{"rendered":"<p>Friendly Collection - for vennskap, tillit og trygghet.<\/p>\n<p>Anhenget i 925 sterlings\u00f8lv m\u00e5ler ca. 20\u00d715 mm og leveres p\u00e5 et 2 mm rhodiumsort s\u00f8lvkulekjede p\u00e5 50 eller 60 cm . Klatre videre - p\u00e5 stein og is, i livet og p\u00e5 jobben!<\/p>\n<p>925 Catrine Linder Refined Equipment &amp; Jewellery gir tilbake til WWF Norge for \u00e5 redde verdenshavene. God og bevisst shopping!<\/p>\n<p>&nbsp;<\/p>\n<p>\u267e eksklusivt p\u00e5 nettet<\/p>","protected":false},"featured_media":8430,"comment_status":"open","ping_status":"closed","template":"","meta":{"inline_featured_image":false,"jetpack_publicize_message":"","jetpack_publicize_feature_enabled":true,"jetpack_social_post_already_shared":true,"jetpack_social_options":{"image_generator_settings":{"template":"highway","default_image_id":0,"font":"","enabled":false},"version":2},"_wpas_customize_per_network":false},"product_brand":[],"product_cat":[2290,1383],"product_tag":[2259,2260],"class_list":{"0":"post-6288","1":"product","2":"type-product","3":"status-publish","4":"has-post-thumbnail","6":"product_cat-friendly-collection","7":"product_cat-necklaces","8":"product_tag-climbing-lovers","9":"product_tag-refined-equipment","10":"pa_chain-colour-catrine-rhodium_black_silver","11":"pa_chain-colour-catrine-silver","12":"pa_metal-925-sterling-silver","14":"first","15":"instock","16":"taxable","17":"shipping-taxable","18":"purchasable","19":"product-type-variable"},"jetpack_publicize_connections":[],"jetpack_likes_enabled":false,"jetpack_sharing_enabled":false,"_links":{"self":[{"href":"https:\/\/925catrinelinder.com\/no\/wp-json\/wp\/v2\/product\/6288","targetHints":{"allow":["GET"]}}],"collection":[{"href":"https:\/\/925catrinelinder.com\/no\/wp-json\/wp\/v2\/product"}],"about":[{"href":"https:\/\/925catrinelinder.com\/no\/wp-json\/wp\/v2\/types\/product"}],"replies":[{"embeddable":true,"href":"https:\/\/925catrinelinder.com\/no\/wp-json\/wp\/v2\/comments?post=6288"}],"version-history":[{"count":0,"href":"https:\/\/925catrinelinder.com\/no\/wp-json\/wp\/v2\/product\/6288\/revisions"}],"wp:featuredmedia":[{"embeddable":true,"href":"https:\/\/925catrinelinder.com\/no\/wp-json\/wp\/v2\/media\/8430"}],"wp:attachment":[{"href":"https:\/\/925catrinelinder.com\/no\/wp-json\/wp\/v2\/media?parent=6288"}],"wp:term":[{"taxonomy":"product_brand","embeddable":true,"href":"https:\/\/925catrinelinder.com\/no\/wp-json\/wp\/v2\/product_brand?post=6288"},{"taxonomy":"product_cat","embeddable":true,"href":"https:\/\/925catrinelinder.com\/no\/wp-json\/wp\/v2\/product_cat?post=6288"},{"taxonomy":"product_tag","embeddable":true,"href":"https:\/\/925catrinelinder.com\/no\/wp-json\/wp\/v2\/product_tag?post=6288"}],"curies":[{"name":"wp","href":"https:\/\/api.w.org\/{rel}","templated":true}]}}