{"id":6290,"date":"2021-01-11T16:30:15","date_gmt":"2021-01-11T15:30:15","guid":{"rendered":"http:\/\/25catrinelinder.wpcomstaging.com\/?post_type=product&#038;p=6290"},"modified":"2026-03-03T02:38:19","modified_gmt":"2026-03-03T01:38:19","slug":"friendly-halskjede-bronse","status":"publish","type":"product","link":"https:\/\/925catrinelinder.com\/no\/product\/friendly-necklace-bronze\/","title":{"rendered":"Friendly Halskjede Bronse"},"content":{"rendered":"","protected":false},"excerpt":{"rendered":"<p>Friendly Collection - for vennskap, tillit og trygghet. Unisex halskjede.<\/p>\n<p>Anhenget i bronse m\u00e5ler ca. 20\u00d715 mm og leveres p\u00e5 et 2 mm rhodiumsort s\u00f8lvkulekjede p\u00e5 60 cm eller 70 cm langt. Klatre videre - p\u00e5 stein og is, i livet og p\u00e5 jobben!<\/p>\n<p>V\u00e6r en liten del av l\u00f8sningen for \u00e5 bidra ved \u00e5 gi tilbake til naturen. 925 Catrine Linder Refined Equipment &amp; Jewellery gir tilbake 1 % for planeten! God og bevisst shopping!<\/p>\n<p>&nbsp;<\/p>\n<p>\u267e eksklusivt p\u00e5 nettet<\/p>","protected":false},"featured_media":6585,"comment_status":"open","ping_status":"closed","template":"","meta":{"inline_featured_image":false,"jetpack_publicize_message":"","jetpack_publicize_feature_enabled":true,"jetpack_social_post_already_shared":true,"jetpack_social_options":{"image_generator_settings":{"template":"highway","default_image_id":0,"font":"","enabled":false},"version":2},"_wpas_customize_per_network":false},"product_brand":[],"product_cat":[2290,1383],"product_tag":[2259,2260],"class_list":{"0":"post-6290","1":"product","2":"type-product","3":"status-publish","4":"has-post-thumbnail","6":"product_cat-friendly-collection","7":"product_cat-necklaces","8":"product_tag-climbing-lovers","9":"product_tag-refined-equipment","10":"pa_metal-bronze","12":"first","13":"outofstock","14":"taxable","15":"shipping-taxable","16":"purchasable","17":"product-type-variable"},"jetpack_publicize_connections":[],"jetpack_likes_enabled":false,"jetpack_sharing_enabled":false,"_links":{"self":[{"href":"https:\/\/925catrinelinder.com\/no\/wp-json\/wp\/v2\/product\/6290","targetHints":{"allow":["GET"]}}],"collection":[{"href":"https:\/\/925catrinelinder.com\/no\/wp-json\/wp\/v2\/product"}],"about":[{"href":"https:\/\/925catrinelinder.com\/no\/wp-json\/wp\/v2\/types\/product"}],"replies":[{"embeddable":true,"href":"https:\/\/925catrinelinder.com\/no\/wp-json\/wp\/v2\/comments?post=6290"}],"version-history":[{"count":1,"href":"https:\/\/925catrinelinder.com\/no\/wp-json\/wp\/v2\/product\/6290\/revisions"}],"predecessor-version":[{"id":14786,"href":"https:\/\/925catrinelinder.com\/no\/wp-json\/wp\/v2\/product\/6290\/revisions\/14786"}],"wp:featuredmedia":[{"embeddable":true,"href":"https:\/\/925catrinelinder.com\/no\/wp-json\/wp\/v2\/media\/6585"}],"wp:attachment":[{"href":"https:\/\/925catrinelinder.com\/no\/wp-json\/wp\/v2\/media?parent=6290"}],"wp:term":[{"taxonomy":"product_brand","embeddable":true,"href":"https:\/\/925catrinelinder.com\/no\/wp-json\/wp\/v2\/product_brand?post=6290"},{"taxonomy":"product_cat","embeddable":true,"href":"https:\/\/925catrinelinder.com\/no\/wp-json\/wp\/v2\/product_cat?post=6290"},{"taxonomy":"product_tag","embeddable":true,"href":"https:\/\/925catrinelinder.com\/no\/wp-json\/wp\/v2\/product_tag?post=6290"}],"curies":[{"name":"wp","href":"https:\/\/api.w.org\/{rel}","templated":true}]}}