{"id":6359,"date":"2021-02-01T11:59:38","date_gmt":"2021-02-01T10:59:38","guid":{"rendered":"http:\/\/25catrinelinder.wpcomstaging.com\/?post_type=product&#038;p=6359"},"modified":"2026-03-03T02:35:05","modified_gmt":"2026-03-03T01:35:05","slug":"bikeme-halskjede","status":"publish","type":"product","link":"https:\/\/925catrinelinder.com\/no\/product\/bikeme-necklace\/","title":{"rendered":"BikeMe Halskjede"},"content":{"rendered":"<p>BikeMe Ring - en liten, men uunnv\u00e6rlig del av sykkelen din til jobben! 925 sterlings\u00f8lv.<\/p>","protected":false},"excerpt":{"rendered":"<p><span style=\"font-weight: 400;\">BikeMe-halskjedet vil ikke gj\u00f8re beina dine sterkere eller sykkelen din raskere ... men det kan styrke lidenskapen din for sykling. BikeMe reflekterer tilbake og minner deg om favorittsporten din. Raffinert utstyr og unisex-ring. B\u00e6rekraftig og lokalprodusert i Norge av resirkulert 925 sterlings\u00f8lv. Ta den med p\u00e5 en tur!<\/span><\/p>\n<p>Velg lengde p\u00e5 2 mm kulekjeder i 925 sterlings\u00f8lv.<\/p>\n<p>&nbsp;<\/p>","protected":false},"featured_media":2393,"comment_status":"open","ping_status":"closed","template":"","meta":{"inline_featured_image":false,"jetpack_publicize_message":"","jetpack_publicize_feature_enabled":true,"jetpack_social_post_already_shared":true,"jetpack_social_options":{"image_generator_settings":{"template":"highway","default_image_id":0,"font":"","enabled":false},"version":2},"_wpas_customize_per_network":false},"product_brand":[],"product_cat":[1383],"product_tag":[1999,2260],"class_list":{"0":"post-6359","1":"product","2":"type-product","3":"status-publish","4":"has-post-thumbnail","6":"product_cat-necklaces","7":"product_tag-bike-lovers","8":"product_tag-refined-equipment","10":"first","11":"onbackorder","12":"taxable","13":"shipping-taxable","14":"purchasable","15":"product-type-variable"},"jetpack_publicize_connections":[],"jetpack_likes_enabled":false,"jetpack_sharing_enabled":false,"_links":{"self":[{"href":"https:\/\/925catrinelinder.com\/no\/wp-json\/wp\/v2\/product\/6359","targetHints":{"allow":["GET"]}}],"collection":[{"href":"https:\/\/925catrinelinder.com\/no\/wp-json\/wp\/v2\/product"}],"about":[{"href":"https:\/\/925catrinelinder.com\/no\/wp-json\/wp\/v2\/types\/product"}],"replies":[{"embeddable":true,"href":"https:\/\/925catrinelinder.com\/no\/wp-json\/wp\/v2\/comments?post=6359"}],"version-history":[{"count":1,"href":"https:\/\/925catrinelinder.com\/no\/wp-json\/wp\/v2\/product\/6359\/revisions"}],"predecessor-version":[{"id":14554,"href":"https:\/\/925catrinelinder.com\/no\/wp-json\/wp\/v2\/product\/6359\/revisions\/14554"}],"wp:featuredmedia":[{"embeddable":true,"href":"https:\/\/925catrinelinder.com\/no\/wp-json\/wp\/v2\/media\/2393"}],"wp:attachment":[{"href":"https:\/\/925catrinelinder.com\/no\/wp-json\/wp\/v2\/media?parent=6359"}],"wp:term":[{"taxonomy":"product_brand","embeddable":true,"href":"https:\/\/925catrinelinder.com\/no\/wp-json\/wp\/v2\/product_brand?post=6359"},{"taxonomy":"product_cat","embeddable":true,"href":"https:\/\/925catrinelinder.com\/no\/wp-json\/wp\/v2\/product_cat?post=6359"},{"taxonomy":"product_tag","embeddable":true,"href":"https:\/\/925catrinelinder.com\/no\/wp-json\/wp\/v2\/product_tag?post=6359"}],"curies":[{"name":"wp","href":"https:\/\/api.w.org\/{rel}","templated":true}]}}