{"id":6457,"date":"2021-02-25T17:52:43","date_gmt":"2021-02-25T16:52:43","guid":{"rendered":"http:\/\/25catrinelinder.wpcomstaging.com\/?post_type=product&#038;p=6457"},"modified":"2025-11-19T08:34:42","modified_gmt":"2025-11-19T07:34:42","slug":"hvetekjede","status":"publish","type":"product","link":"https:\/\/925catrinelinder.com\/no\/product\/wheat-chain\/","title":{"rendered":"Hvetekjeden"},"content":{"rendered":"<p>Vakkert italiensk kjede i hvetestil spesielt fremskaffet for deg. Velg mellom lengdene 45 cm\/18\", 50 cm\/20\" eller 60 cm\/24\". Alle er i 925 sterlings\u00f8lv med en finish i enten Rhodium Black, Rose Gold eller Silver. Perfekt for lag-p\u00e5-lag med eller uten anheng. Med 1-3 mm.<\/p>\n<p>Alle dine investeringer i Catrine Linder-smykker g\u00e5r tilbake til WWF Verdens naturfond for \u00e5 redde verdenshavene v\u00e5re. God og bevisst shopping!<\/p>","protected":false},"excerpt":{"rendered":"<p>Bust Art Work av Ella Afalk.<\/p>\n<p>&nbsp;<\/p>\n<p>&nbsp;<\/p>","protected":false},"featured_media":6643,"comment_status":"open","ping_status":"closed","template":"","meta":{"inline_featured_image":false,"jetpack_publicize_message":"","jetpack_publicize_feature_enabled":true,"jetpack_social_post_already_shared":true,"jetpack_social_options":{"image_generator_settings":{"template":"highway","default_image_id":0,"font":"","enabled":false},"version":2},"_wpas_customize_per_network":false},"product_brand":[],"product_cat":[2023],"product_tag":[],"class_list":{"0":"post-6457","1":"product","2":"type-product","3":"status-publish","4":"has-post-thumbnail","6":"product_cat-chains","7":"pa_chain-colour-catrine-rhodium_black_silver","8":"pa_chain-colour-catrine-rose-gold-plated","9":"pa_chain-colour-catrine-silver","11":"first","12":"instock","13":"taxable","14":"shipping-taxable","15":"purchasable","16":"product-type-variable"},"jetpack_publicize_connections":[],"jetpack_likes_enabled":false,"jetpack_sharing_enabled":false,"_links":{"self":[{"href":"https:\/\/925catrinelinder.com\/no\/wp-json\/wp\/v2\/product\/6457","targetHints":{"allow":["GET"]}}],"collection":[{"href":"https:\/\/925catrinelinder.com\/no\/wp-json\/wp\/v2\/product"}],"about":[{"href":"https:\/\/925catrinelinder.com\/no\/wp-json\/wp\/v2\/types\/product"}],"replies":[{"embeddable":true,"href":"https:\/\/925catrinelinder.com\/no\/wp-json\/wp\/v2\/comments?post=6457"}],"version-history":[{"count":0,"href":"https:\/\/925catrinelinder.com\/no\/wp-json\/wp\/v2\/product\/6457\/revisions"}],"wp:featuredmedia":[{"embeddable":true,"href":"https:\/\/925catrinelinder.com\/no\/wp-json\/wp\/v2\/media\/6643"}],"wp:attachment":[{"href":"https:\/\/925catrinelinder.com\/no\/wp-json\/wp\/v2\/media?parent=6457"}],"wp:term":[{"taxonomy":"product_brand","embeddable":true,"href":"https:\/\/925catrinelinder.com\/no\/wp-json\/wp\/v2\/product_brand?post=6457"},{"taxonomy":"product_cat","embeddable":true,"href":"https:\/\/925catrinelinder.com\/no\/wp-json\/wp\/v2\/product_cat?post=6457"},{"taxonomy":"product_tag","embeddable":true,"href":"https:\/\/925catrinelinder.com\/no\/wp-json\/wp\/v2\/product_tag?post=6457"}],"curies":[{"name":"wp","href":"https:\/\/api.w.org\/{rel}","templated":true}]}}