{"id":8648,"date":"2022-02-16T18:52:07","date_gmt":"2022-02-16T17:52:07","guid":{"rendered":"http:\/\/25catrinelinder.wpcomstaging.com\/?post_type=product&#038;p=8648"},"modified":"2026-03-12T15:36:20","modified_gmt":"2026-03-12T14:36:20","slug":"lofoten-ring","status":"publish","type":"product","link":"https:\/\/925catrinelinder.com\/no\/product\/lofoten-ring\/","title":{"rendered":"LOFOTEN Ring"},"content":{"rendered":"","protected":false},"excerpt":{"rendered":"<p>Elsker Lofoten! Fra fastlandet p\u00e5 68 grader nord dukker en kjede av eventyrlige fjell opp fra havet. Hvite skjellsandstrender og klart bl\u00e5tt vann som i en dr\u00f8m. Det ser ut som arktiske Karibia. Om sommeren blir Lofoten gullfarget under midnattssolen, og om vinteren maler nordlyset himmelen s\u00e5 intenst at du nesten kan h\u00f8re det.<\/p>\n<p>En unisex-ring i enkelt design fylt med inspirasjon og minner fra de magiske \u00f8yene i Lofoten. Massivt, resirkulert 925 sterlings\u00f8lv. Ta den med p\u00e5 ditt neste eventyr og fyll den med din historie. Stabler vakkert sammen med <a href=\"\/no\/25catrinelinder-wpcomstaging-com\/produkt\/fjellet-ring\/\" target=\"_blank\" rel=\"noopener\">FJELLET<\/a>,\u00a0<a href=\"\/no\/25catrinelinder-wpcomstaging-com\/produkt\/blank-ring\/\" target=\"_blank\" rel=\"noopener\">BLANK<\/a>\u00a0&amp;\u00a0<a href=\"\/no\/25catrinelinder-wpcomstaging-com\/produkt\/havet-ring-gull-9k\/\" target=\"_blank\" rel=\"noopener\">HAVET<\/a>\u00a0ring.<\/p>\n<p>&nbsp;<\/p>\n<p><span style=\"font-weight: 400;\">LOFOTEN-ringens enkle, men r\u00e5 design er en helt kj\u00f8nnsfri, trendl\u00f8s stabelring med inspirasjon og minner fra det arktiske nord. Ta den med ut p\u00e5 ditt neste eventyr og fyll den med din historie.<\/span><\/p>\n<p>Med sin minimalistiske estetikk og r\u00e5 design har denne ringen et glatt, rundt b\u00e5nd som er laget av slitesterkt metall av h\u00f8y kvalitet - blant annet resirkulert sterlings\u00f8lv, som p\u00e5 dette bildet.<\/p>\n<p>B\u00e5ndet er 3 mm bredt, noe som gj\u00f8r det slankt nok til \u00e5 kunne stables med andre ringer, men samtidig solid nok til \u00e5 st\u00e5 alene. Den s\u00f8ml\u00f8se formen gir en moderne, men likevel klassisk stil.<\/p>","protected":false},"featured_media":10195,"comment_status":"open","ping_status":"closed","template":"","meta":{"inline_featured_image":false,"jetpack_publicize_message":"","jetpack_publicize_feature_enabled":true,"jetpack_social_post_already_shared":true,"jetpack_social_options":{"image_generator_settings":{"template":"highway","default_image_id":0,"font":"","enabled":false},"version":2},"_wpas_customize_per_network":false},"product_brand":[],"product_cat":[1457],"product_tag":[],"class_list":{"0":"post-8648","1":"product","2":"type-product","3":"status-publish","4":"has-post-thumbnail","6":"product_cat-rings","7":"pa_metal-925-sterling-silver","9":"first","10":"instock","11":"taxable","12":"shipping-taxable","13":"purchasable","14":"product-type-variable"},"jetpack_publicize_connections":[],"jetpack_likes_enabled":false,"jetpack_sharing_enabled":false,"_links":{"self":[{"href":"https:\/\/925catrinelinder.com\/no\/wp-json\/wp\/v2\/product\/8648","targetHints":{"allow":["GET"]}}],"collection":[{"href":"https:\/\/925catrinelinder.com\/no\/wp-json\/wp\/v2\/product"}],"about":[{"href":"https:\/\/925catrinelinder.com\/no\/wp-json\/wp\/v2\/types\/product"}],"replies":[{"embeddable":true,"href":"https:\/\/925catrinelinder.com\/no\/wp-json\/wp\/v2\/comments?post=8648"}],"version-history":[{"count":1,"href":"https:\/\/925catrinelinder.com\/no\/wp-json\/wp\/v2\/product\/8648\/revisions"}],"predecessor-version":[{"id":14662,"href":"https:\/\/925catrinelinder.com\/no\/wp-json\/wp\/v2\/product\/8648\/revisions\/14662"}],"wp:featuredmedia":[{"embeddable":true,"href":"https:\/\/925catrinelinder.com\/no\/wp-json\/wp\/v2\/media\/10195"}],"wp:attachment":[{"href":"https:\/\/925catrinelinder.com\/no\/wp-json\/wp\/v2\/media?parent=8648"}],"wp:term":[{"taxonomy":"product_brand","embeddable":true,"href":"https:\/\/925catrinelinder.com\/no\/wp-json\/wp\/v2\/product_brand?post=8648"},{"taxonomy":"product_cat","embeddable":true,"href":"https:\/\/925catrinelinder.com\/no\/wp-json\/wp\/v2\/product_cat?post=8648"},{"taxonomy":"product_tag","embeddable":true,"href":"https:\/\/925catrinelinder.com\/no\/wp-json\/wp\/v2\/product_tag?post=8648"}],"curies":[{"name":"wp","href":"https:\/\/api.w.org\/{rel}","templated":true}]}}