{"id":8673,"date":"2022-02-16T21:46:53","date_gmt":"2022-02-16T20:46:53","guid":{"rendered":"http:\/\/25catrinelinder.wpcomstaging.com\/?post_type=product&#038;p=8673"},"modified":"2026-03-12T15:21:29","modified_gmt":"2026-03-12T14:21:29","slug":"havet-ring","status":"publish","type":"product","link":"https:\/\/925catrinelinder.com\/no\/product\/havet-ring\/","title":{"rendered":"HAVET Ring"},"content":{"rendered":"","protected":false},"excerpt":{"rendered":"<p><span style=\"font-weight: 400;\">Havet - er ordet for hav p\u00e5 norsk. Vi har alltid laget sanger, poesi og kunst for \u00e5 hedre naturen, og denne er for Havet.\u00a0<\/span><\/p>\n<p>Troms\u00f8\u00a0Ring - en ring f\u00f8rr \"d\u00e6 som egentlig ikkje bruke smykka\".  Med sin minimalistiske estetikk og r\u00e5 design har denne ringen et glatt, rundt b\u00e5nd laget av slitesterkt metall av h\u00f8y kvalitet - resirkulert sterlings\u00f8lv. Du kan kontakte meg for \u00e5 f\u00e5 laget en i gull hvis du vil.<\/p>\n<p>B\u00e5ndet er komfortable 3 mm bredt, noe som gj\u00f8r det slankt nok til \u00e5 stables med andre ringer, men samtidig solid nok til \u00e5 st\u00e5 alene. Den s\u00f8ml\u00f8se formen gir et moderne, men likevel klassisk uttrykk.<\/p>\n<p><span style=\"font-weight: 400;\">Ta den med p\u00e5 eventyr og fyll den med din egen historie. Perfekt \u00e5 stable b\u00e5de vertikalt og horisontalt! Sammen med <a href=\"https:\/\/925catrinelinder.com\/no\/produkt\/fjellet-ring\/\" target=\"_blank\" rel=\"noopener\">FJELLET<\/a>, <a href=\"https:\/\/925catrinelinder.com\/no\/produkt\/lofoten-ring\/\" target=\"_blank\" rel=\"noopener\">LOFOTEN<\/a> eller en <a href=\"https:\/\/925catrinelinder.com\/no\/produkt\/blank-ring\/\" target=\"_blank\" rel=\"noopener\">BLANK ring<\/a>.<\/span><\/p>\n<p>&nbsp;<\/p>","protected":false},"featured_media":10089,"comment_status":"open","ping_status":"closed","template":"","meta":{"inline_featured_image":false,"jetpack_publicize_message":"","jetpack_publicize_feature_enabled":true,"jetpack_social_post_already_shared":true,"jetpack_social_options":{"image_generator_settings":{"template":"highway","default_image_id":0,"font":"","enabled":false},"version":2},"_wpas_customize_per_network":false},"product_brand":[],"product_cat":[1457],"product_tag":[2296],"class_list":{"0":"post-8673","1":"product","2":"type-product","3":"status-publish","4":"has-post-thumbnail","6":"product_cat-rings","7":"product_tag-surf-lovers","8":"pa_metal-925-sterling-silver","10":"first","11":"instock","12":"taxable","13":"shipping-taxable","14":"purchasable","15":"product-type-variable"},"jetpack_publicize_connections":[],"jetpack_likes_enabled":false,"jetpack_sharing_enabled":false,"_links":{"self":[{"href":"https:\/\/925catrinelinder.com\/no\/wp-json\/wp\/v2\/product\/8673","targetHints":{"allow":["GET"]}}],"collection":[{"href":"https:\/\/925catrinelinder.com\/no\/wp-json\/wp\/v2\/product"}],"about":[{"href":"https:\/\/925catrinelinder.com\/no\/wp-json\/wp\/v2\/types\/product"}],"replies":[{"embeddable":true,"href":"https:\/\/925catrinelinder.com\/no\/wp-json\/wp\/v2\/comments?post=8673"}],"version-history":[{"count":1,"href":"https:\/\/925catrinelinder.com\/no\/wp-json\/wp\/v2\/product\/8673\/revisions"}],"predecessor-version":[{"id":14661,"href":"https:\/\/925catrinelinder.com\/no\/wp-json\/wp\/v2\/product\/8673\/revisions\/14661"}],"wp:featuredmedia":[{"embeddable":true,"href":"https:\/\/925catrinelinder.com\/no\/wp-json\/wp\/v2\/media\/10089"}],"wp:attachment":[{"href":"https:\/\/925catrinelinder.com\/no\/wp-json\/wp\/v2\/media?parent=8673"}],"wp:term":[{"taxonomy":"product_brand","embeddable":true,"href":"https:\/\/925catrinelinder.com\/no\/wp-json\/wp\/v2\/product_brand?post=8673"},{"taxonomy":"product_cat","embeddable":true,"href":"https:\/\/925catrinelinder.com\/no\/wp-json\/wp\/v2\/product_cat?post=8673"},{"taxonomy":"product_tag","embeddable":true,"href":"https:\/\/925catrinelinder.com\/no\/wp-json\/wp\/v2\/product_tag?post=8673"}],"curies":[{"name":"wp","href":"https:\/\/api.w.org\/{rel}","templated":true}]}}