{"id":8755,"date":"2022-03-07T15:54:01","date_gmt":"2022-03-07T14:54:01","guid":{"rendered":"http:\/\/25catrinelinder.wpcomstaging.com\/?post_type=product&#038;p=8755"},"modified":"2026-03-03T02:06:55","modified_gmt":"2026-03-03T01:06:55","slug":"blank-ring","status":"publish","type":"product","link":"https:\/\/925catrinelinder.com\/no\/product\/blank-ring\/","title":{"rendered":"BLANK Ring"},"content":{"rendered":"","protected":false},"excerpt":{"rendered":"<p><span style=\"font-weight: 400;\">Er BLANK noe for deg? Kult alene eller til \u00e5 stable vertikalt eller horisontalt. Et design inspirert av eventyr i nord. Vi tror p\u00e5 naturen! Blank ring har et enkelt, men r\u00e5tt design og er en helt kj\u00f8nnsfri, trendl\u00f8s stabelring med inspirasjon og minner fra det arktiske nord. Ta den med ut p\u00e5 ditt neste eventyr og fyll den med din historie.<\/span><\/p>\n<p>Med sin minimalistiske estetikk og r\u00e5 design har denne ringen et glatt, rundt b\u00e5nd laget av slitesterkt metall av h\u00f8y kvalitet - du kan velge mellom resirkulert sterlings\u00f8lv som p\u00e5 dette bildet. Eller du kan kontakte meg for \u00e5 f\u00e5 laget en i 9K eller 14k gull.<\/p>\n<p>B\u00e5ndet er 3 mm bredt, noe som gj\u00f8r det slankt nok til \u00e5 kunne stables med andre ringer, men samtidig solid nok til \u00e5 st\u00e5 alene. Den s\u00f8ml\u00f8se formen gir en moderne, men likevel klassisk stil.<\/p>\n<p>V\u00e6r oppmerksom p\u00e5 at denne prisen gjelder for <em>en<\/em> ring - t<em>han BLANK<\/em> - p\u00e5 bildet vist sammen med FJELLET-ringen.<\/p>\n<p>&nbsp;<\/p>","protected":false},"featured_media":12117,"comment_status":"open","ping_status":"closed","template":"","meta":{"inline_featured_image":false,"jetpack_publicize_message":"","jetpack_publicize_feature_enabled":true,"jetpack_social_post_already_shared":true,"jetpack_social_options":{"image_generator_settings":{"template":"highway","default_image_id":0,"font":"","enabled":false},"version":2},"_wpas_customize_per_network":false},"product_brand":[],"product_cat":[1457],"product_tag":[],"class_list":{"0":"post-8755","1":"product","2":"type-product","3":"status-publish","4":"has-post-thumbnail","6":"product_cat-rings","7":"pa_metal-925-sterling-silver","9":"first","10":"instock","11":"taxable","12":"shipping-taxable","13":"purchasable","14":"product-type-variable"},"jetpack_publicize_connections":[],"jetpack_likes_enabled":false,"jetpack_sharing_enabled":false,"_links":{"self":[{"href":"https:\/\/925catrinelinder.com\/no\/wp-json\/wp\/v2\/product\/8755","targetHints":{"allow":["GET"]}}],"collection":[{"href":"https:\/\/925catrinelinder.com\/no\/wp-json\/wp\/v2\/product"}],"about":[{"href":"https:\/\/925catrinelinder.com\/no\/wp-json\/wp\/v2\/types\/product"}],"replies":[{"embeddable":true,"href":"https:\/\/925catrinelinder.com\/no\/wp-json\/wp\/v2\/comments?post=8755"}],"version-history":[{"count":1,"href":"https:\/\/925catrinelinder.com\/no\/wp-json\/wp\/v2\/product\/8755\/revisions"}],"predecessor-version":[{"id":14660,"href":"https:\/\/925catrinelinder.com\/no\/wp-json\/wp\/v2\/product\/8755\/revisions\/14660"}],"wp:featuredmedia":[{"embeddable":true,"href":"https:\/\/925catrinelinder.com\/no\/wp-json\/wp\/v2\/media\/12117"}],"wp:attachment":[{"href":"https:\/\/925catrinelinder.com\/no\/wp-json\/wp\/v2\/media?parent=8755"}],"wp:term":[{"taxonomy":"product_brand","embeddable":true,"href":"https:\/\/925catrinelinder.com\/no\/wp-json\/wp\/v2\/product_brand?post=8755"},{"taxonomy":"product_cat","embeddable":true,"href":"https:\/\/925catrinelinder.com\/no\/wp-json\/wp\/v2\/product_cat?post=8755"},{"taxonomy":"product_tag","embeddable":true,"href":"https:\/\/925catrinelinder.com\/no\/wp-json\/wp\/v2\/product_tag?post=8755"}],"curies":[{"name":"wp","href":"https:\/\/api.w.org\/{rel}","templated":true}]}}