{"id":8828,"date":"2022-03-14T23:08:42","date_gmt":"2022-03-14T22:08:42","guid":{"rendered":"http:\/\/25catrinelinder.wpcomstaging.com\/?post_type=product&#038;p=8828"},"modified":"2025-11-06T14:35:49","modified_gmt":"2025-11-06T13:35:49","slug":"valentina-oreringer-i-eik","status":"publish","type":"product","link":"https:\/\/925catrinelinder.com\/no\/product\/ooak-valentina-earrings\/","title":{"rendered":"OOAK Valentina \u00d8redobber"},"content":{"rendered":"","protected":false},"excerpt":{"rendered":"<p>OOAK - one-of-a-kind \u00f8redobber med glasshjerter fra Murano, Italia. 14K gullbelagt 925 sterlings\u00f8lv. M\u00e5l ca. 5 cm \/ 1,5 inches. B\u00e6r et par skandinaviske h\u00e5ndlagde \u00f8redobber fra Catrine - vel vitende om at ingen andre har de samme. Dr\u00e5pen kan tas av og du kan g\u00e5 med bare \u00f8redobben - den ser flott ut p\u00e5 ull, lin og deg.<\/p>","protected":false},"featured_media":8827,"comment_status":"open","ping_status":"closed","template":"","meta":{"inline_featured_image":false,"jetpack_publicize_message":"","jetpack_publicize_feature_enabled":true,"jetpack_social_post_already_shared":true,"jetpack_social_options":{"image_generator_settings":{"template":"highway","default_image_id":0,"font":"","enabled":false},"version":2},"_wpas_customize_per_network":false},"product_brand":[],"product_cat":[1370],"product_tag":[],"class_list":{"0":"post-8828","1":"product","2":"type-product","3":"status-publish","4":"has-post-thumbnail","6":"product_cat-one-of-a-kind","8":"first","9":"outofstock","10":"taxable","11":"shipping-taxable","12":"purchasable","13":"product-type-simple"},"jetpack_publicize_connections":[],"jetpack_likes_enabled":false,"jetpack_sharing_enabled":false,"_links":{"self":[{"href":"https:\/\/925catrinelinder.com\/no\/wp-json\/wp\/v2\/product\/8828","targetHints":{"allow":["GET"]}}],"collection":[{"href":"https:\/\/925catrinelinder.com\/no\/wp-json\/wp\/v2\/product"}],"about":[{"href":"https:\/\/925catrinelinder.com\/no\/wp-json\/wp\/v2\/types\/product"}],"replies":[{"embeddable":true,"href":"https:\/\/925catrinelinder.com\/no\/wp-json\/wp\/v2\/comments?post=8828"}],"version-history":[{"count":0,"href":"https:\/\/925catrinelinder.com\/no\/wp-json\/wp\/v2\/product\/8828\/revisions"}],"wp:featuredmedia":[{"embeddable":true,"href":"https:\/\/925catrinelinder.com\/no\/wp-json\/wp\/v2\/media\/8827"}],"wp:attachment":[{"href":"https:\/\/925catrinelinder.com\/no\/wp-json\/wp\/v2\/media?parent=8828"}],"wp:term":[{"taxonomy":"product_brand","embeddable":true,"href":"https:\/\/925catrinelinder.com\/no\/wp-json\/wp\/v2\/product_brand?post=8828"},{"taxonomy":"product_cat","embeddable":true,"href":"https:\/\/925catrinelinder.com\/no\/wp-json\/wp\/v2\/product_cat?post=8828"},{"taxonomy":"product_tag","embeddable":true,"href":"https:\/\/925catrinelinder.com\/no\/wp-json\/wp\/v2\/product_tag?post=8828"}],"curies":[{"name":"wp","href":"https:\/\/api.w.org\/{rel}","templated":true}]}}