{"id":8851,"date":"2022-03-24T09:18:46","date_gmt":"2022-03-24T08:18:46","guid":{"rendered":"http:\/\/25catrinelinder.wpcomstaging.com\/?post_type=product&#038;p=8851"},"modified":"2026-03-03T02:02:48","modified_gmt":"2026-03-03T01:02:48","slug":"signetring-i-nord-emalje","status":"publish","type":"product","link":"https:\/\/925catrinelinder.com\/no\/product\/north-enamel-signet-ring\/","title":{"rendered":"North Emalje Signetring"},"content":{"rendered":"<p><span style=\"font-weight: 400;\">Toppen av ringen m\u00e5ler ca. 13 x 13 mm. Laget av resirkulert 925 sterlings\u00f8lv som jeg har h\u00e5ndmalt med glasemalje. Hvis du velger en \u00e5pen ring, har de en st\u00f8rrelse som passer rundt 47-51 eller 52-55. Merk: Dette er de siste for n\u00e5! Du m\u00e5 klikke p\u00e5 farge <em>og<\/em> velg ringst\u00f8rrelse for \u00e5 se den valgte fargen, takk. Bare noen f\u00e5 igjen.<\/span><\/p>","protected":false},"excerpt":{"rendered":"<p><span style=\"font-weight: 400;\">North Collection - arven fra det arktiske nord. Et fritt design inspirert av historiene til nordnorske folk. Sirkelen snakker om enhet, uendelighet og helhet. Nord er et symbol p\u00e5 styrke og identitet. Jeg har laget North Signet-ringen som er behagelig \u00e5 ha p\u00e5 seg hver dag, slik at du kan ta den med deg hvor enn du g\u00e5r. For en vakker kombinasjon, ta en titt p\u00e5 <a href=\"https:\/\/925catrinelinder.com\/no\/produkt\/nord-dobbel-ring\/\" target=\"_blank\" rel=\"noopener\">North Double Ring <\/a>og <a href=\"https:\/\/925catrinelinder.com\/no\/produkt\/halskjede-i-nord-emalje\/\" target=\"_blank\" rel=\"noopener\">North Emalje halskjede<\/a>. North er en kolleksjon inspirert av de arktiske fargene. Designet, h\u00e5ndlaget, kvalitetsstemplet og h\u00e5ndmalt med glassemalje av Catrine.\u00a0\u00a0<\/span><\/p>\n<p><span style=\"font-weight: 400;\">Felles tro bringer mennesker sammen - vi tror p\u00e5 naturen!<\/span><\/p>\n<p>Signetringer har en viktig historie og betydning! Visste du at navnet \"signet\" faktisk kommer av at de ble brukt til \u00e5 signere viktige dokumenter s\u00e5 langt tilbake som 3500 f.Kr.<\/p>","protected":false},"featured_media":13359,"comment_status":"open","ping_status":"closed","template":"","meta":{"inline_featured_image":false,"jetpack_publicize_message":"","jetpack_publicize_feature_enabled":true,"jetpack_social_post_already_shared":true,"jetpack_social_options":{"image_generator_settings":{"template":"highway","default_image_id":0,"font":"","enabled":false},"version":2},"_wpas_customize_per_network":false},"product_brand":[],"product_cat":[1457],"product_tag":[],"class_list":{"0":"post-8851","1":"product","2":"type-product","3":"status-publish","4":"has-post-thumbnail","6":"product_cat-rings","8":"first","9":"instock","10":"taxable","11":"shipping-taxable","12":"purchasable","13":"product-type-variable"},"jetpack_publicize_connections":[],"jetpack_likes_enabled":false,"jetpack_sharing_enabled":false,"_links":{"self":[{"href":"https:\/\/925catrinelinder.com\/no\/wp-json\/wp\/v2\/product\/8851","targetHints":{"allow":["GET"]}}],"collection":[{"href":"https:\/\/925catrinelinder.com\/no\/wp-json\/wp\/v2\/product"}],"about":[{"href":"https:\/\/925catrinelinder.com\/no\/wp-json\/wp\/v2\/types\/product"}],"replies":[{"embeddable":true,"href":"https:\/\/925catrinelinder.com\/no\/wp-json\/wp\/v2\/comments?post=8851"}],"version-history":[{"count":1,"href":"https:\/\/925catrinelinder.com\/no\/wp-json\/wp\/v2\/product\/8851\/revisions"}],"predecessor-version":[{"id":14777,"href":"https:\/\/925catrinelinder.com\/no\/wp-json\/wp\/v2\/product\/8851\/revisions\/14777"}],"wp:featuredmedia":[{"embeddable":true,"href":"https:\/\/925catrinelinder.com\/no\/wp-json\/wp\/v2\/media\/13359"}],"wp:attachment":[{"href":"https:\/\/925catrinelinder.com\/no\/wp-json\/wp\/v2\/media?parent=8851"}],"wp:term":[{"taxonomy":"product_brand","embeddable":true,"href":"https:\/\/925catrinelinder.com\/no\/wp-json\/wp\/v2\/product_brand?post=8851"},{"taxonomy":"product_cat","embeddable":true,"href":"https:\/\/925catrinelinder.com\/no\/wp-json\/wp\/v2\/product_cat?post=8851"},{"taxonomy":"product_tag","embeddable":true,"href":"https:\/\/925catrinelinder.com\/no\/wp-json\/wp\/v2\/product_tag?post=8851"}],"curies":[{"name":"wp","href":"https:\/\/api.w.org\/{rel}","templated":true}]}}