{"id":9081,"date":"2022-07-17T14:21:37","date_gmt":"2022-07-17T12:21:37","guid":{"rendered":"http:\/\/25catrinelinder.wpcomstaging.com\/?post_type=product&#038;p=9081"},"modified":"2026-01-28T09:56:45","modified_gmt":"2026-01-28T08:56:45","slug":"lofoten-ring-gull-9k","status":"publish","type":"product","link":"https:\/\/925catrinelinder.com\/no\/product\/lofoten-ring-gold-9k\/","title":{"rendered":"LOFOTEN Ring Gull"},"content":{"rendered":"<p>Popul\u00e6r ogs\u00e5 som forlovelsesring. Unisex og enkelt design gj\u00f8r den tidl\u00f8s. Et must for den som elsker Lofoten.<\/p>","protected":false},"excerpt":{"rendered":"<p>Elsker Lofoten! Fra fastlandet p\u00e5 68 grader nord dukker en kjede av eventyrlige fjell opp fra havet. Hvite skjellsandstrender og klart bl\u00e5tt vann som i en dr\u00f8m. Det ser ut som arktiske Karibia. Om sommeren blir Lofoten gullfarget under midnattssolen, og om vinteren maler nordlyset himmelen s\u00e5 intenst at du nesten kan h\u00f8re det.<\/p>\n<p><span style=\"font-weight: 400;\">En unisex-ring i enkelt design fylt med inspirasjon og minner fra de magiske \u00f8yene i Lofoten. Massivt 9K (375) gull. Ta den med ut p\u00e5 ditt neste eventyr og fyll den med din historie. Stabler vakkert sammen med <a href=\"\/no\/25catrinelinder-wpcomstaging-com\/produkt\/fjellet-ring\/\" target=\"_blank\" rel=\"noopener\">FJELLET<\/a>, <a href=\"\/no\/25catrinelinder-wpcomstaging-com\/produkt\/blank-ring\/\" target=\"_blank\" rel=\"noopener\">BLANK<\/a> &amp; <a href=\"\/no\/25catrinelinder-wpcomstaging-com\/produkt\/havet-ring-gull-9k\/\" target=\"_blank\" rel=\"noopener\">HAVET<\/a> ring.<\/span><\/p>\n<p>&nbsp;<\/p>","protected":false},"featured_media":10072,"comment_status":"open","ping_status":"closed","template":"","meta":{"inline_featured_image":false,"jetpack_publicize_message":"","jetpack_publicize_feature_enabled":true,"jetpack_social_post_already_shared":true,"jetpack_social_options":{"image_generator_settings":{"template":"highway","default_image_id":0,"font":"","enabled":false},"version":2},"_wpas_customize_per_network":false},"product_brand":[],"product_cat":[1457],"product_tag":[],"class_list":{"0":"post-9081","1":"product","2":"type-product","3":"status-publish","4":"has-post-thumbnail","6":"product_cat-rings","7":"pa_metal-9k-gold","9":"first","10":"instock","11":"taxable","12":"shipping-taxable","13":"purchasable","14":"product-type-variable"},"jetpack_publicize_connections":[],"jetpack_likes_enabled":false,"jetpack_sharing_enabled":false,"_links":{"self":[{"href":"https:\/\/925catrinelinder.com\/no\/wp-json\/wp\/v2\/product\/9081","targetHints":{"allow":["GET"]}}],"collection":[{"href":"https:\/\/925catrinelinder.com\/no\/wp-json\/wp\/v2\/product"}],"about":[{"href":"https:\/\/925catrinelinder.com\/no\/wp-json\/wp\/v2\/types\/product"}],"replies":[{"embeddable":true,"href":"https:\/\/925catrinelinder.com\/no\/wp-json\/wp\/v2\/comments?post=9081"}],"version-history":[{"count":2,"href":"https:\/\/925catrinelinder.com\/no\/wp-json\/wp\/v2\/product\/9081\/revisions"}],"predecessor-version":[{"id":14651,"href":"https:\/\/925catrinelinder.com\/no\/wp-json\/wp\/v2\/product\/9081\/revisions\/14651"}],"wp:featuredmedia":[{"embeddable":true,"href":"https:\/\/925catrinelinder.com\/no\/wp-json\/wp\/v2\/media\/10072"}],"wp:attachment":[{"href":"https:\/\/925catrinelinder.com\/no\/wp-json\/wp\/v2\/media?parent=9081"}],"wp:term":[{"taxonomy":"product_brand","embeddable":true,"href":"https:\/\/925catrinelinder.com\/no\/wp-json\/wp\/v2\/product_brand?post=9081"},{"taxonomy":"product_cat","embeddable":true,"href":"https:\/\/925catrinelinder.com\/no\/wp-json\/wp\/v2\/product_cat?post=9081"},{"taxonomy":"product_tag","embeddable":true,"href":"https:\/\/925catrinelinder.com\/no\/wp-json\/wp\/v2\/product_tag?post=9081"}],"curies":[{"name":"wp","href":"https:\/\/api.w.org\/{rel}","templated":true}]}}