{"id":9266,"date":"2022-09-20T23:11:12","date_gmt":"2022-09-20T21:11:12","guid":{"rendered":"http:\/\/25catrinelinder.wpcomstaging.com\/?post_type=product&#038;p=9266"},"modified":"2026-03-03T01:53:38","modified_gmt":"2026-03-03T00:53:38","slug":"fyll-hjertet-ditt-solv-pa-solv","status":"publish","type":"product","link":"https:\/\/925catrinelinder.com\/no\/product\/fill-your-heart-silver-on-silver\/","title":{"rendered":"Fill Your Heart s\u00f8lv p\u00e5 s\u00f8lv"},"content":{"rendered":"<p><span style=\"font-weight: 400;\">Henger vakkert p\u00e5 et sterkt 50 cm\/20\u2033 hvetekjede n\u00e6r hjertet ditt. <\/span><span style=\"font-weight: 400;\">M\u00e5ler ca. 10 x 20 mm inkludert \u00f8sken og kan variere noe ettersom de er h\u00e5ndlagde.<\/span><\/p>\n<p><span style=\"font-weight: 400;\">Hvis du foretrekker et annet kjede, er det veldig enkelt \u00e5 bytte med den gener\u00f8se st\u00f8rrelsen p\u00e5 \u00f8glene. Det finnes ingen regler - du velger! <span style=\"font-family: -apple-system, BlinkMacSystemFont, 'Segoe UI', Roboto, Oxygen-Sans, Ubuntu, Cantarell, 'Helvetica Neue', sans-serif;\">Hjerter laget av 925 sterling s\u00f8lv. Alt s\u00f8lv fra Catrine Linder er selvf\u00f8lgelig resirkulert 925 sterlings\u00f8lv.\u00a0<\/span><\/span><\/p>","protected":false},"excerpt":{"rendered":"<p>Fyll hjertene dine til topps! Med inspirasjon <span style=\"font-family: -apple-system, BlinkMacSystemFont, 'Segoe UI', Roboto, Oxygen-Sans, Ubuntu, Cantarell, 'Helvetica Neue', sans-serif;\">fra David Bowies \"Fill Your Heart\". Vit at hjertet ditt er perfekt - i gull eller s\u00f8lv. Den ene siden er glatt og den andre er ru. Symbolsk og ekte. Sanser fra det arktiske Norge p\u00e5 innsiden.<\/span><\/p>","protected":false},"featured_media":8371,"comment_status":"open","ping_status":"closed","template":"","meta":{"inline_featured_image":false,"jetpack_publicize_message":"","jetpack_publicize_feature_enabled":true,"jetpack_social_post_already_shared":true,"jetpack_social_options":{"image_generator_settings":{"template":"highway","default_image_id":0,"font":"","enabled":false},"version":2},"_wpas_customize_per_network":false},"product_brand":[],"product_cat":[1383],"product_tag":[1919],"class_list":{"0":"post-9266","1":"product","2":"type-product","3":"status-publish","4":"has-post-thumbnail","6":"product_cat-necklaces","7":"product_tag-music-in-my-jewellery","9":"first","10":"instock","11":"taxable","12":"shipping-taxable","13":"purchasable","14":"product-type-simple"},"jetpack_publicize_connections":[],"jetpack_likes_enabled":false,"jetpack_sharing_enabled":false,"_links":{"self":[{"href":"https:\/\/925catrinelinder.com\/no\/wp-json\/wp\/v2\/product\/9266","targetHints":{"allow":["GET"]}}],"collection":[{"href":"https:\/\/925catrinelinder.com\/no\/wp-json\/wp\/v2\/product"}],"about":[{"href":"https:\/\/925catrinelinder.com\/no\/wp-json\/wp\/v2\/types\/product"}],"replies":[{"embeddable":true,"href":"https:\/\/925catrinelinder.com\/no\/wp-json\/wp\/v2\/comments?post=9266"}],"version-history":[{"count":1,"href":"https:\/\/925catrinelinder.com\/no\/wp-json\/wp\/v2\/product\/9266\/revisions"}],"predecessor-version":[{"id":14776,"href":"https:\/\/925catrinelinder.com\/no\/wp-json\/wp\/v2\/product\/9266\/revisions\/14776"}],"wp:featuredmedia":[{"embeddable":true,"href":"https:\/\/925catrinelinder.com\/no\/wp-json\/wp\/v2\/media\/8371"}],"wp:attachment":[{"href":"https:\/\/925catrinelinder.com\/no\/wp-json\/wp\/v2\/media?parent=9266"}],"wp:term":[{"taxonomy":"product_brand","embeddable":true,"href":"https:\/\/925catrinelinder.com\/no\/wp-json\/wp\/v2\/product_brand?post=9266"},{"taxonomy":"product_cat","embeddable":true,"href":"https:\/\/925catrinelinder.com\/no\/wp-json\/wp\/v2\/product_cat?post=9266"},{"taxonomy":"product_tag","embeddable":true,"href":"https:\/\/925catrinelinder.com\/no\/wp-json\/wp\/v2\/product_tag?post=9266"}],"curies":[{"name":"wp","href":"https:\/\/api.w.org\/{rel}","templated":true}]}}