{"id":9302,"date":"2022-09-27T15:40:18","date_gmt":"2022-09-27T13:40:18","guid":{"rendered":"http:\/\/25catrinelinder.wpcomstaging.com\/?post_type=product&#038;p=9302"},"modified":"2025-11-07T15:15:43","modified_gmt":"2025-11-07T14:15:43","slug":"stetind-mountain-medallion-eksklusiv-edtioin","status":"publish","type":"product","link":"https:\/\/925catrinelinder.com\/no\/product\/stetind-mountain-medallion-exclusive-edtioin\/","title":{"rendered":"Stetind Mountain Medallion eksklusiv utgave"},"content":{"rendered":"","protected":false},"excerpt":{"rendered":"<p class=\"whitespace-normal break-words\"><strong>Stetind Mountain Medaljong<\/strong><\/p>\n<p class=\"whitespace-normal break-words\">H\u00e5ndlaget i s\u00f8lv med h\u00e5ndgraverte detaljer av Stetind - Norges nasjonalfjell - som reiser seg mot en h\u00e5ndgravert s\u00f8lvhimmel. Tre Swarovskikrystaller markerer stjernene over.<\/p>\n<p class=\"whitespace-normal break-words\">Fjellene l\u00e6rer oss hva som er viktig: utholdenhet n\u00e5r forholdene snur, ydmykhet overfor skalaen, klarheten som kommer med h\u00f8yden. De krever b\u00e5de styrke og fleksibilitet, forberedelse og tilstedev\u00e6relse.<\/p>\n<p class=\"whitespace-normal break-words\">B\u00e6r denne som en p\u00e5minnelse om toppene du har n\u00e5dd og de som fortsatt kaller. La den inneholde dine egne historier - den tidlige starten, v\u00e6ret som holdt, de stille \u00f8yeblikkene p\u00e5 toppen. Stiene som forandret deg.<\/p>\n<p class=\"whitespace-normal break-words\">For de som vet at fjellet alltid har noe \u00e5 l\u00e6re bort.<\/p>","protected":false},"featured_media":10768,"comment_status":"open","ping_status":"closed","template":"","meta":{"inline_featured_image":false,"jetpack_publicize_message":"","jetpack_publicize_feature_enabled":true,"jetpack_social_post_already_shared":true,"jetpack_social_options":{"image_generator_settings":{"template":"highway","default_image_id":0,"font":"","enabled":false},"version":2},"_wpas_customize_per_network":false},"product_brand":[],"product_cat":[1383],"product_tag":[2259],"class_list":{"0":"post-9302","1":"product","2":"type-product","3":"status-publish","4":"has-post-thumbnail","6":"product_cat-necklaces","7":"product_tag-climbing-lovers","9":"first","10":"instock","11":"taxable","12":"shipping-taxable","13":"purchasable","14":"product-type-variable"},"jetpack_publicize_connections":[],"jetpack_likes_enabled":false,"jetpack_sharing_enabled":false,"_links":{"self":[{"href":"https:\/\/925catrinelinder.com\/no\/wp-json\/wp\/v2\/product\/9302","targetHints":{"allow":["GET"]}}],"collection":[{"href":"https:\/\/925catrinelinder.com\/no\/wp-json\/wp\/v2\/product"}],"about":[{"href":"https:\/\/925catrinelinder.com\/no\/wp-json\/wp\/v2\/types\/product"}],"replies":[{"embeddable":true,"href":"https:\/\/925catrinelinder.com\/no\/wp-json\/wp\/v2\/comments?post=9302"}],"version-history":[{"count":0,"href":"https:\/\/925catrinelinder.com\/no\/wp-json\/wp\/v2\/product\/9302\/revisions"}],"wp:featuredmedia":[{"embeddable":true,"href":"https:\/\/925catrinelinder.com\/no\/wp-json\/wp\/v2\/media\/10768"}],"wp:attachment":[{"href":"https:\/\/925catrinelinder.com\/no\/wp-json\/wp\/v2\/media?parent=9302"}],"wp:term":[{"taxonomy":"product_brand","embeddable":true,"href":"https:\/\/925catrinelinder.com\/no\/wp-json\/wp\/v2\/product_brand?post=9302"},{"taxonomy":"product_cat","embeddable":true,"href":"https:\/\/925catrinelinder.com\/no\/wp-json\/wp\/v2\/product_cat?post=9302"},{"taxonomy":"product_tag","embeddable":true,"href":"https:\/\/925catrinelinder.com\/no\/wp-json\/wp\/v2\/product_tag?post=9302"}],"curies":[{"name":"wp","href":"https:\/\/api.w.org\/{rel}","templated":true}]}}