{"id":9354,"date":"2022-10-09T14:34:06","date_gmt":"2022-10-09T12:34:06","guid":{"rendered":"http:\/\/25catrinelinder.wpcomstaging.com\/?post_type=product&#038;p=9354"},"modified":"2026-01-28T09:55:25","modified_gmt":"2026-01-28T08:55:25","slug":"fjellet-ring-gull","status":"publish","type":"product","link":"https:\/\/925catrinelinder.com\/no\/product\/fjellet-ring-gold\/","title":{"rendered":"FJELLET Ring Gull"},"content":{"rendered":"<p><span style=\"font-weight: 400;\">Fjellet kan oversettes til \"fjellet\" p\u00e5 norsk.<\/span><span style=\"font-weight: 400;\"> Hva er det med oss og den konstante dragningen mot fjell?<\/span><span style=\"font-weight: 400;\"> Visste du at 44 % av Norge er fjell og skog? Folk har alltid laget sanger, poesi og kunst for \u00e5 hedre naturen. Fjellet-ringens enkle design puster praktisk talt utend\u00f8rs. Ingen detaljer som kan sette seg fast eller v\u00e6re skadelige. Ta den med p\u00e5 eventyr og fyll den med din egen historie. Massiv ring i 9K gull. Laget p\u00e5 bestilling - det vil si at jeg begynner \u00e5 lage den n\u00e5r du bestiller. Beregn 4-6 uker, men vanligvis b\u00f8r det ta rundt 2-4 uker, noen ganger mindre. N\u00e5r den er p\u00e5 lager, sendes den i l\u00f8pet av en dag eller to, s\u00e5 sjekk om din st\u00f8rrelse Fjellet ring gull allerede er laget for deg. Du liker kanskje<\/span><a href=\"\/no\/25catrinelinder-wpcomstaging-com\/produkt\/fjellet-ring\/\"><span style=\"font-weight: 400;\"> s\u00f8lv<\/span><\/a><span style=\"font-weight: 400;\">, 14K eller 18K bedre? Kan gj\u00f8res! Fjellet ring Gold er en kraftfull gave \u00e5 gi til din tur-, klatre- eller bare fjellglade venn.\u00a0<\/span><\/p>\n<p><span style=\"font-weight: 400;\">Jeg lager smykker for mennesker som setter pris p\u00e5 behagelig design, en helhetlig sirkel der designet<\/span><i><span style=\"font-weight: 400;\"> og<\/span><\/i><span style=\"font-weight: 400;\"> produksjonen er lokal, b\u00e6rekraftig og rettferdig. Fjellet-ringen er flott alene eller som<\/span><a href=\"\/no\/25catrinelinder-wpcomstaging-com\/produkt\/blank-ring\/\"><span style=\"font-weight: 400;\"> stablet med andre ringer<\/span><\/a><span style=\"font-weight: 400;\">. Noen av mine 925 Catrine Linder-venner har faktisk valgt Fjellet-ringen i gull eller s\u00f8lv,<\/span><a href=\"\/no\/25catrinelinder-wpcomstaging-com\/produkt\/havet-ring\/\"><span style=\"font-weight: 400;\"> Havet<\/span><\/a><span style=\"font-weight: 400;\"> og Blank-ringer til forlovelses- og gifteringer.<\/span><\/p>\n<p><span style=\"font-weight: 400;\">Gull er alltid en trygg investering, uansett hva som skjer. B\u00e6r den og la historiene og dagene dine fylle verdien av ringen du har valgt enda mer. Et design inspirert av historier fra fjellfolk. Vi tror p\u00e5 naturen - hva med deg?<\/span><\/p>","protected":false},"excerpt":{"rendered":"<p><span style=\"font-weight: 400;\">Fjellfolk! Du g\u00e5r kanskje ikke med s\u00e5 mange smykker, - men er du enig i at noen av de mest meningsfulle smykkene ofte er de du g\u00e5r med hver dag? De som p\u00e5 en m\u00e5te blir en del av deg? Fjellet-ringen i massivt 9K gull er en typisk go-to ring for hverdagsbruk. Leter du etter en gave? Et meningsfylt smykke du kan bruke hver dag? La Fjellet-ringen i massivt 9K gull bli din go-to ring. Jeg lager smykker for mennesker som setter pris p\u00e5 behagelig design, en helhetlig sirkel der designet<i> og<\/i> produksjonen er lokal, b\u00e6rekraftig og rettferdig. Fjellet-ringen er flott alene eller som<a href=\"\/no\/25catrinelinder-wpcomstaging-com\/produkt\/blank-ring\/\"> stablet med andre ringer<\/a>. Noen 925 Catrine Linder-venner har faktisk valgt Fjellet-ringen i gull eller s\u00f8lv,<a href=\"\/no\/25catrinelinder-wpcomstaging-com\/produkt\/havet-ring\/\"> Havet<\/a> og Blank-ringer til forlovelses- og gifteringer.<\/span><\/p>\n<p><span style=\"font-weight: 400;\">Et design inspirert av historier om fjellfolk. Vi tror p\u00e5 naturen!\u00a0<\/span><\/p>\n<p>&nbsp;<\/p>","protected":false},"featured_media":10155,"comment_status":"open","ping_status":"closed","template":"","meta":{"inline_featured_image":false,"jetpack_publicize_message":"","jetpack_publicize_feature_enabled":true,"jetpack_social_post_already_shared":true,"jetpack_social_options":{"image_generator_settings":{"template":"highway","default_image_id":0,"font":"","enabled":false},"version":2},"_wpas_customize_per_network":false},"product_brand":[],"product_cat":[1457],"product_tag":[],"class_list":{"0":"post-9354","1":"product","2":"type-product","3":"status-publish","4":"has-post-thumbnail","6":"product_cat-rings","7":"pa_metal-9k-gold","9":"first","10":"instock","11":"taxable","12":"shipping-taxable","13":"purchasable","14":"product-type-variable"},"jetpack_publicize_connections":[],"jetpack_likes_enabled":false,"jetpack_sharing_enabled":false,"_links":{"self":[{"href":"https:\/\/925catrinelinder.com\/no\/wp-json\/wp\/v2\/product\/9354","targetHints":{"allow":["GET"]}}],"collection":[{"href":"https:\/\/925catrinelinder.com\/no\/wp-json\/wp\/v2\/product"}],"about":[{"href":"https:\/\/925catrinelinder.com\/no\/wp-json\/wp\/v2\/types\/product"}],"replies":[{"embeddable":true,"href":"https:\/\/925catrinelinder.com\/no\/wp-json\/wp\/v2\/comments?post=9354"}],"version-history":[{"count":1,"href":"https:\/\/925catrinelinder.com\/no\/wp-json\/wp\/v2\/product\/9354\/revisions"}],"predecessor-version":[{"id":14649,"href":"https:\/\/925catrinelinder.com\/no\/wp-json\/wp\/v2\/product\/9354\/revisions\/14649"}],"wp:featuredmedia":[{"embeddable":true,"href":"https:\/\/925catrinelinder.com\/no\/wp-json\/wp\/v2\/media\/10155"}],"wp:attachment":[{"href":"https:\/\/925catrinelinder.com\/no\/wp-json\/wp\/v2\/media?parent=9354"}],"wp:term":[{"taxonomy":"product_brand","embeddable":true,"href":"https:\/\/925catrinelinder.com\/no\/wp-json\/wp\/v2\/product_brand?post=9354"},{"taxonomy":"product_cat","embeddable":true,"href":"https:\/\/925catrinelinder.com\/no\/wp-json\/wp\/v2\/product_cat?post=9354"},{"taxonomy":"product_tag","embeddable":true,"href":"https:\/\/925catrinelinder.com\/no\/wp-json\/wp\/v2\/product_tag?post=9354"}],"curies":[{"name":"wp","href":"https:\/\/api.w.org\/{rel}","templated":true}]}}