{"id":9517,"date":"2022-11-10T00:00:34","date_gmt":"2022-11-09T23:00:34","guid":{"rendered":"http:\/\/25catrinelinder.wpcomstaging.com\/?post_type=product&#038;p=9517"},"modified":"2025-11-06T14:35:38","modified_gmt":"2025-11-06T13:35:38","slug":"frodig-signetring-mia-portofino","status":"publish","type":"product","link":"https:\/\/925catrinelinder.com\/no\/product\/lush-signet-ring-mia-portofino\/","title":{"rendered":"Lush Signet Ring - Mia Portofino"},"content":{"rendered":"<p>Lush Signet Ring - Mia Portofino-kolleksjonen i vermeil - dvs. 925 sterlings\u00f8lv med 18K gull i 2 mikron gullbelegg. Resirkulert 925 sterlings\u00f8lv med 18K gull i 2 mikron gullbelegg. Lush m\u00e5ler 13 x 13 p\u00e5 toppen. Vekt: 4,5 gram. Resirkulert 925 sterlings\u00f8lv h\u00e5ndmalt med smaragdgr\u00f8nn glasemalje. 18K gullbelegg - ogs\u00e5 kalt vermeil. Designet og h\u00e5ndlaget i Skandinavia. Les mer om v\u00e5re tanker om forbruk, produksjon og <a href=\"\/no\/25catrinelinder-wpcomstaging-com\/pleie-av-smykker\/\" target=\"_blank\" rel=\"noopener\">hvordan ta vare p\u00e5<\/a> ditt 925 Catrine Linder-smykke. Hvis du ikke finner din st\u00f8rrelse, er den utsolgt.<\/p>","protected":false},"excerpt":{"rendered":"<p>\"I hjertet av den italienske rivieraen, ved Det liguriske hav, ligger en kystby med en rolig halvm\u00e5neformet havn med en h\u00f8yde med olivenlunder og sm\u00e5 ving\u00e5rder i bakgrunnen. Den heter Portofino.\"<\/p>\n<p><span style=\"font-weight: 400;\">Mia var ute og reiste og forelsket seg fullstendig i denne postkortperfekte lille byen ved det liguriske hav; Portofino i Italia. Har du v\u00e6rt der? Den har en rolig, halvm\u00e5neformet havn, omkranset av pastellfargede hus og omgitt av frodig, gr\u00f8nn og bl\u00e5 natur. Og hva er det egentlig \u00e5 ikke elske med Italia?  Inspirert av omgivelsene og f\u00f8lelsen av ferie og frihet, fikk jeg ideen om at vi skulle lage en liten kolleksjon sammen. Dedikert til hennes reiseminner og v\u00e5rt mor-datter-forhold. Parallellen mellom en liten fiskerby som blir en turistskatt, er sl\u00e5ende til Henningsv\u00e6r og Portofino, - ikke det samme, men to sm\u00e5 landsbyer fylt av skj\u00f8nnhet.<\/span><\/p>\n<p><em>Begrenset samling<\/em><\/p>","protected":false},"featured_media":9504,"comment_status":"open","ping_status":"closed","template":"","meta":{"inline_featured_image":false,"jetpack_publicize_message":"","jetpack_publicize_feature_enabled":true,"jetpack_social_post_already_shared":true,"jetpack_social_options":{"image_generator_settings":{"template":"highway","default_image_id":0,"font":"","enabled":false},"version":2},"_wpas_customize_per_network":false},"product_brand":[],"product_cat":[2169],"product_tag":[],"class_list":{"0":"post-9517","1":"product","2":"type-product","3":"status-publish","4":"has-post-thumbnail","6":"product_cat-limited-collection","8":"first","9":"outofstock","10":"taxable","11":"shipping-taxable","12":"product-type-variable"},"jetpack_publicize_connections":[],"jetpack_likes_enabled":false,"jetpack_sharing_enabled":false,"_links":{"self":[{"href":"https:\/\/925catrinelinder.com\/no\/wp-json\/wp\/v2\/product\/9517","targetHints":{"allow":["GET"]}}],"collection":[{"href":"https:\/\/925catrinelinder.com\/no\/wp-json\/wp\/v2\/product"}],"about":[{"href":"https:\/\/925catrinelinder.com\/no\/wp-json\/wp\/v2\/types\/product"}],"replies":[{"embeddable":true,"href":"https:\/\/925catrinelinder.com\/no\/wp-json\/wp\/v2\/comments?post=9517"}],"version-history":[{"count":0,"href":"https:\/\/925catrinelinder.com\/no\/wp-json\/wp\/v2\/product\/9517\/revisions"}],"wp:featuredmedia":[{"embeddable":true,"href":"https:\/\/925catrinelinder.com\/no\/wp-json\/wp\/v2\/media\/9504"}],"wp:attachment":[{"href":"https:\/\/925catrinelinder.com\/no\/wp-json\/wp\/v2\/media?parent=9517"}],"wp:term":[{"taxonomy":"product_brand","embeddable":true,"href":"https:\/\/925catrinelinder.com\/no\/wp-json\/wp\/v2\/product_brand?post=9517"},{"taxonomy":"product_cat","embeddable":true,"href":"https:\/\/925catrinelinder.com\/no\/wp-json\/wp\/v2\/product_cat?post=9517"},{"taxonomy":"product_tag","embeddable":true,"href":"https:\/\/925catrinelinder.com\/no\/wp-json\/wp\/v2\/product_tag?post=9517"}],"curies":[{"name":"wp","href":"https:\/\/api.w.org\/{rel}","templated":true}]}}