{"id":9607,"date":"2022-11-10T00:00:36","date_gmt":"2022-11-09T23:00:36","guid":{"rendered":"http:\/\/25catrinelinder.wpcomstaging.com\/?post_type=product&#038;p=9607"},"modified":"2025-11-06T14:35:37","modified_gmt":"2025-11-06T13:35:37","slug":"splendido-hoops-mia-portofino","status":"publish","type":"product","link":"https:\/\/925catrinelinder.com\/no\/product\/splendido-hoops-mia-portofino\/","title":{"rendered":"Splendido Hoops - Mia Portofino"},"content":{"rendered":"<p>Splendido Hoops - Mia Portofino-kolleksjonen er vermeil - det vil si 925 sterlings\u00f8lv med 18K gull i 2 mikron gullbelegg. Splendido Hoops m\u00e5ler 4,2 x 56 mm og . Vekt: 8,2 gram. Les mer om v\u00e5re tanker om forbruk, produksjon og <a href=\"\/no\/25catrinelinder-wpcomstaging-com\/pleie-av-smykker\/\" target=\"_blank\" rel=\"noopener\">hvordan ta vare p\u00e5<\/a> dine 925 Catrine Linder-smykker.<\/p>","protected":false},"excerpt":{"rendered":"<p>- som en italiensk piazza, og den sirkul\u00e6re formen leder tankene til en miniatyrfilm i de vakre omgivelsene i Portofino.<\/p>\n<p><span style=\"font-weight: 400;\">Mia var ute og reiste og forelsket seg fullstendig i denne postkortperfekte lille byen ved det liguriske hav; Portofino i Italia. Har du v\u00e6rt der? Den har en rolig, halvm\u00e5neformet havn, omkranset av pastellfargede hus og omgitt av frodig, gr\u00f8nn og bl\u00e5 natur. Og hva er det egentlig \u00e5 ikke elske med Italia?  Inspirert av omgivelsene og f\u00f8lelsen av ferie og frihet, fikk jeg ideen om at vi skulle lage en liten kolleksjon sammen. Dedikert til hennes reiseminner og v\u00e5rt mor-datter-forhold. Parallellen mellom en liten fiskerby som blir en turistskatt, er sl\u00e5ende til Henningsv\u00e6r og Portofino, - ikke det samme, men to sm\u00e5 landsbyer fylt av skj\u00f8nnhet.<\/span><\/p>\n<p><em>Begrenset samling<\/em><\/p>","protected":false},"featured_media":9608,"comment_status":"open","ping_status":"closed","template":"","meta":{"inline_featured_image":false,"jetpack_publicize_message":"","jetpack_publicize_feature_enabled":true,"jetpack_social_post_already_shared":true,"jetpack_social_options":{"image_generator_settings":{"template":"highway","default_image_id":0,"font":"","enabled":false},"version":2},"_wpas_customize_per_network":false},"product_brand":[],"product_cat":[2169],"product_tag":[],"class_list":{"0":"post-9607","1":"product","2":"type-product","3":"status-publish","4":"has-post-thumbnail","6":"product_cat-limited-collection","8":"first","9":"outofstock","10":"taxable","11":"shipping-taxable","12":"product-type-simple"},"jetpack_publicize_connections":[],"jetpack_likes_enabled":false,"jetpack_sharing_enabled":false,"_links":{"self":[{"href":"https:\/\/925catrinelinder.com\/no\/wp-json\/wp\/v2\/product\/9607","targetHints":{"allow":["GET"]}}],"collection":[{"href":"https:\/\/925catrinelinder.com\/no\/wp-json\/wp\/v2\/product"}],"about":[{"href":"https:\/\/925catrinelinder.com\/no\/wp-json\/wp\/v2\/types\/product"}],"replies":[{"embeddable":true,"href":"https:\/\/925catrinelinder.com\/no\/wp-json\/wp\/v2\/comments?post=9607"}],"version-history":[{"count":0,"href":"https:\/\/925catrinelinder.com\/no\/wp-json\/wp\/v2\/product\/9607\/revisions"}],"wp:featuredmedia":[{"embeddable":true,"href":"https:\/\/925catrinelinder.com\/no\/wp-json\/wp\/v2\/media\/9608"}],"wp:attachment":[{"href":"https:\/\/925catrinelinder.com\/no\/wp-json\/wp\/v2\/media?parent=9607"}],"wp:term":[{"taxonomy":"product_brand","embeddable":true,"href":"https:\/\/925catrinelinder.com\/no\/wp-json\/wp\/v2\/product_brand?post=9607"},{"taxonomy":"product_cat","embeddable":true,"href":"https:\/\/925catrinelinder.com\/no\/wp-json\/wp\/v2\/product_cat?post=9607"},{"taxonomy":"product_tag","embeddable":true,"href":"https:\/\/925catrinelinder.com\/no\/wp-json\/wp\/v2\/product_tag?post=9607"}],"curies":[{"name":"wp","href":"https:\/\/api.w.org\/{rel}","templated":true}]}}