{"id":9792,"date":"2022-11-13T14:40:30","date_gmt":"2022-11-13T13:40:30","guid":{"rendered":"http:\/\/25catrinelinder.wpcomstaging.com\/?post_type=product&#038;p=9792"},"modified":"2026-03-13T00:07:18","modified_gmt":"2026-03-12T23:07:18","slug":"trekant-mansjettarmband","status":"publish","type":"product","link":"https:\/\/925catrinelinder.com\/no\/product\/triangle-cuff-bracelet\/","title":{"rendered":"Triangle Cuff-armb\u00e5nd"},"content":{"rendered":"<div data-elementor-type=\"product-post\" data-elementor-id=\"9792\" class=\"elementor elementor-9792\" data-elementor-post-type=\"product\">\n\t\t\t\t\t\t<section class=\"elementor-section elementor-top-section elementor-element elementor-element-21d9c283 elementor-section-boxed elementor-section-height-default elementor-section-height-default\" data-id=\"21d9c283\" data-element_type=\"section\" data-e-type=\"section\">\n\t\t\t\t\t\t<div class=\"elementor-container elementor-column-gap-default\">\n\t\t\t\t\t<div class=\"elementor-column elementor-col-100 elementor-top-column elementor-element elementor-element-10d49eba\" data-id=\"10d49eba\" data-element_type=\"column\" data-e-type=\"column\">\n\t\t\t<div class=\"elementor-widget-wrap elementor-element-populated\">\n\t\t\t\t\t\t<div class=\"elementor-element elementor-element-3144c6d5 elementor-widget elementor-widget-text-editor\" data-id=\"3144c6d5\" data-element_type=\"widget\" data-e-type=\"widget\" data-widget_type=\"text-editor.default\">\n\t\t\t\t<div class=\"elementor-widget-container\">\n\t\t\t\t\t\t\t\t\tTriangle Cuff Bracelet - i 925 sterlings\u00f8lv. <span style=\"font-weight: 400;\">Sitter sv\u00e6rt behagelig p\u00e5 h\u00e5ndleddet. Innvendig diameter 70 mm (passer til et h\u00e5ndledd p\u00e5 ca. 17-19 cm) 60 mm (passer til et h\u00e5ndledd p\u00e5 ca. 15-17 cm) 6,5 mm bred 4 mm h\u00f8y.<\/span> Les mer om v\u00e5re tanker om forbruk, produksjon og <a href=\"\/no\/25catrinelinder-wpcomstaging-com\/pleie-av-smykker\/\" target=\"_blank\" rel=\"noopener\">hvordan ta vare p\u00e5<\/a> dine 925 Catrine Linder-smykker.\n\n&nbsp;\t\t\t\t\t\t\t\t<\/div>\n\t\t\t\t<\/div>\n\t\t\t\t\t<\/div>\n\t\t<\/div>\n\t\t\t\t\t<\/div>\n\t\t<\/section>\n\t\t\t\t<\/div>","protected":false},"excerpt":{"rendered":"<p><span style=\"font-weight: 400;\">Triangle Cuff-armb\u00e5nd<\/span><\/p>\n<p><span style=\"font-weight: 400;\">Triangle Cuff Bracelet - i 925 sterlings\u00f8lv sitter komfortabelt p\u00e5 h\u00e5ndleddet.  Kanten er en trekant som en dobbel pyramidekasse. <\/span><span style=\"font-weight: 400;\">Liksidig betyr at alle tre sidene i trekanten er like store og <em>et symbol p\u00e5 makt, styrke og integritet<\/em>.\u00a0\u00a0<\/span><\/p>\n<p><span style=\"font-weight: 400;\">Vil du gj\u00f8re det personlig? Du kan f\u00e5 ditt eget valg av ord eller symboler, som har en sterk betydning for deg, h\u00e5ndgravert p\u00e5 din Triangle Cuff. Skriv inn ditt eget valg av meningsfull gravering i meldingsfeltet. Leveringstid 4-8 uker med gravering. 2-4 uker uten, med mindre det er p\u00e5 lager.<\/span><\/p>","protected":false},"featured_media":11038,"comment_status":"open","ping_status":"closed","template":"","meta":{"inline_featured_image":false,"jetpack_publicize_message":"","jetpack_publicize_feature_enabled":true,"jetpack_social_post_already_shared":true,"jetpack_social_options":{"image_generator_settings":{"template":"highway","default_image_id":0,"font":"","enabled":false},"version":2},"_wpas_customize_per_network":false},"product_brand":[],"product_cat":[1451],"product_tag":[],"class_list":{"0":"post-9792","1":"product","2":"type-product","3":"status-publish","4":"has-post-thumbnail","6":"product_cat-bracelets","8":"first","9":"instock","10":"taxable","11":"shipping-taxable","12":"purchasable","13":"product-type-variable"},"jetpack_publicize_connections":[],"jetpack_likes_enabled":false,"jetpack_sharing_enabled":false,"_links":{"self":[{"href":"https:\/\/925catrinelinder.com\/no\/wp-json\/wp\/v2\/product\/9792","targetHints":{"allow":["GET"]}}],"collection":[{"href":"https:\/\/925catrinelinder.com\/no\/wp-json\/wp\/v2\/product"}],"about":[{"href":"https:\/\/925catrinelinder.com\/no\/wp-json\/wp\/v2\/types\/product"}],"replies":[{"embeddable":true,"href":"https:\/\/925catrinelinder.com\/no\/wp-json\/wp\/v2\/comments?post=9792"}],"version-history":[{"count":1,"href":"https:\/\/925catrinelinder.com\/no\/wp-json\/wp\/v2\/product\/9792\/revisions"}],"predecessor-version":[{"id":14556,"href":"https:\/\/925catrinelinder.com\/no\/wp-json\/wp\/v2\/product\/9792\/revisions\/14556"}],"wp:featuredmedia":[{"embeddable":true,"href":"https:\/\/925catrinelinder.com\/no\/wp-json\/wp\/v2\/media\/11038"}],"wp:attachment":[{"href":"https:\/\/925catrinelinder.com\/no\/wp-json\/wp\/v2\/media?parent=9792"}],"wp:term":[{"taxonomy":"product_brand","embeddable":true,"href":"https:\/\/925catrinelinder.com\/no\/wp-json\/wp\/v2\/product_brand?post=9792"},{"taxonomy":"product_cat","embeddable":true,"href":"https:\/\/925catrinelinder.com\/no\/wp-json\/wp\/v2\/product_cat?post=9792"},{"taxonomy":"product_tag","embeddable":true,"href":"https:\/\/925catrinelinder.com\/no\/wp-json\/wp\/v2\/product_tag?post=9792"}],"curies":[{"name":"wp","href":"https:\/\/api.w.org\/{rel}","templated":true}]}}