{"id":9935,"date":"2022-11-25T11:45:01","date_gmt":"2022-11-25T10:45:01","guid":{"rendered":"http:\/\/25catrinelinder.wpcomstaging.com\/?post_type=product&#038;p=9935"},"modified":"2026-03-03T01:32:12","modified_gmt":"2026-03-03T00:32:12","slug":"scandi-emalje-halskjede","status":"publish","type":"product","link":"https:\/\/925catrinelinder.com\/no\/product\/scandi-enamel-necklace\/","title":{"rendered":"Halskjede i Scandi-emalje"},"content":{"rendered":"<p>- omhyggelig h\u00e5ndmalt med glasemalje - et smykke som gjerne blir med deg ut p\u00e5 eventyr. Laget i Skandinavia og en del av Dots-kolleksjonen. Farger og design med inspirasjon fra den arktiske naturen.<\/p>\n<p>Designet, laget og h\u00e5ndmalt med glasemalje p\u00e5 925 sterlings\u00f8lv av Catrine Linder. H\u00e5ndgravert av Kerstin \u00d6stberg. Scandi Necklace small kommer p\u00e5 et 45 cm langt kjede.<\/p>\n<p>Miks og match ringer, halskjeder og \u00f8restikker i ulike farger og st\u00f8rrelser. Moderne design. Skandinavisk emalje som aldri g\u00e5r av moten. Designet for at du skal f\u00f8le deg komfortabel - p\u00e5 alle dine eventyr. Hvis din valgte st\u00f8rrelse og farge er i restordre, m\u00e5 du v\u00e6re oppmerksom p\u00e5 at jeg begynner \u00e5 lage smykket ditt n\u00e5r du legger inn bestillingen. Det vil variere fra gang til gang, men du m\u00e5 regne med 2-6 uker fra bestillingen din til den er klar. Varer p\u00e5 lager er klare til \u00e5 sendes innen en dag eller to etter at bestillingen er lagt inn.<\/p>","protected":false},"excerpt":{"rendered":"<p>Emaljering er en teknikk som sannsynligvis har blitt brukt til \u00e5 fargelegge smykker i mer enn 2000 \u00e5r. Sammensmeltingen av farget glass og edelt metall gir smykkene dine den beste b\u00e6rekraftige, str\u00e5lende fargen som aldri forandrer seg. Emaljeringen krever dyktighet og t\u00e5lmodighet og omfatter mange forskjellige momenter f\u00f8r smykket er klart til \u00e5 b\u00e6res. Den transparente emaljen gir et vakkert og rent lys til den fargen du velger.<\/p>\n<p>Kanskje emalje er \"verdens snilleste edelsten\"? Prosessen med \u00e5 male med glassfarger er garantert etisk forsvarlig, og utf\u00f8res under gode arbeidsforhold her hjemme i Skandinavia.<\/p>\n<p>Catrine Linder gir \u00e5rlig tilbake til WWF Norge for \u00e5 holde v\u00e5re arktiske hav rene. God og bevisst og b\u00e6rekraftig shopping!<\/p>","protected":false},"featured_media":9976,"comment_status":"open","ping_status":"closed","template":"","meta":{"inline_featured_image":false,"jetpack_publicize_message":"","jetpack_publicize_feature_enabled":true,"jetpack_social_post_already_shared":true,"jetpack_social_options":{"image_generator_settings":{"template":"highway","default_image_id":0,"font":"","enabled":false},"version":2},"_wpas_customize_per_network":false},"product_brand":[],"product_cat":[2279,1383],"product_tag":[],"class_list":{"0":"post-9935","1":"product","2":"type-product","3":"status-publish","4":"has-post-thumbnail","6":"product_cat-dots","7":"product_cat-necklaces","8":"pa_metal-gold-vermeil","9":"pa_metal-925-sterling-silver","11":"first","12":"instock","13":"taxable","14":"shipping-taxable","15":"purchasable","16":"product-type-variable"},"jetpack_publicize_connections":[],"jetpack_likes_enabled":false,"jetpack_sharing_enabled":false,"_links":{"self":[{"href":"https:\/\/925catrinelinder.com\/no\/wp-json\/wp\/v2\/product\/9935","targetHints":{"allow":["GET"]}}],"collection":[{"href":"https:\/\/925catrinelinder.com\/no\/wp-json\/wp\/v2\/product"}],"about":[{"href":"https:\/\/925catrinelinder.com\/no\/wp-json\/wp\/v2\/types\/product"}],"replies":[{"embeddable":true,"href":"https:\/\/925catrinelinder.com\/no\/wp-json\/wp\/v2\/comments?post=9935"}],"version-history":[{"count":2,"href":"https:\/\/925catrinelinder.com\/no\/wp-json\/wp\/v2\/product\/9935\/revisions"}],"predecessor-version":[{"id":14773,"href":"https:\/\/925catrinelinder.com\/no\/wp-json\/wp\/v2\/product\/9935\/revisions\/14773"}],"wp:featuredmedia":[{"embeddable":true,"href":"https:\/\/925catrinelinder.com\/no\/wp-json\/wp\/v2\/media\/9976"}],"wp:attachment":[{"href":"https:\/\/925catrinelinder.com\/no\/wp-json\/wp\/v2\/media?parent=9935"}],"wp:term":[{"taxonomy":"product_brand","embeddable":true,"href":"https:\/\/925catrinelinder.com\/no\/wp-json\/wp\/v2\/product_brand?post=9935"},{"taxonomy":"product_cat","embeddable":true,"href":"https:\/\/925catrinelinder.com\/no\/wp-json\/wp\/v2\/product_cat?post=9935"},{"taxonomy":"product_tag","embeddable":true,"href":"https:\/\/925catrinelinder.com\/no\/wp-json\/wp\/v2\/product_tag?post=9935"}],"curies":[{"name":"wp","href":"https:\/\/api.w.org\/{rel}","templated":true}]}}